{"id":141,"date":"2020-07-31T12:19:25","date_gmt":"2020-07-31T12:19:25","guid":{"rendered":"http:\/\/www.grupomemorial.com.pa\/web\/?page_id=141"},"modified":"2021-09-20T23:40:18","modified_gmt":"2021-09-21T04:40:18","slug":"mision-vision-y-valores","status":"publish","type":"page","link":"https:\/\/www.grupomemorial.com.pa\/web\/mision-vision-y-valores\/","title":{"rendered":"Misi\u00f3n, Visi\u00f3n y Valores"},"content":{"rendered":"<section class=\"kc-elm kc-css-78837 kc_row\"><div class=\"kc-row-container  kc-container\"><div class=\"kc-wrap-columns\"><div class=\"kc-elm kc-css-307087 kc_col-sm-12 kc_column kc_col-sm-12\"><div class=\"kc-col-container\"><div class=\"kc-elm kc-css-311871 kc_row kc_row_inner\"><div class=\"kc-elm kc-css-648783 kc_col-sm-6 kc_column_inner kc_col-sm-6 history-content\"><div class=\"kc_wrapper kc-col-inner-container\">\n<div class=\"kc-elm kc-css-514958 kc-title-wrap \">\n\n\t<div class=\"kc_title\"> <h3>NUESTRA <span>Misi\u00f3n<\/span><\/h3><\/div>\n<\/div>\n<div class=\"kc-elm kc-css-250727 kc_text_block\"><\/p>\n<p>Nuestro compromiso con el mercado paname\u00f1o es facilitar soluciones integrales con personal comprometido a brindar una soluci\u00f3n r\u00e1pida, confiable y segura, ante la eventualidad del fallecimiento de un ser humano.<\/p>\n<p>\n<\/div>\n<div class=\"kc-elm kc-css-946503 kc-title-wrap \">\n\n\t<div class=\"kc_title\">  <h3>NUESTRA <span>VISI\u00d3N<\/span><\/h3><\/div>\n<\/div>\n<div class=\"kc-elm kc-css-638043 kc_text_block\"><\/p>\n<p>Consolidar nuestros servicios de cementerios y funerarias a nivel nacional, ofreciendo servicios integrales que brinden una soluci\u00f3n anticipada a todas las familias paname\u00f1as y promoviendo nuestra imagen como empresa l\u00edder en la industria exequial.<\/p>\n<p>\n<\/div><\/div><\/div><div class=\"kc-elm kc-css-187121 kc_col-sm-6 kc_column_inner kc_col-sm-6\"><div class=\"kc_wrapper kc-col-inner-container\"><div class=\"kc-elm kc-css-952160 kc_shortcode kc_single_image\">\n\n        <img decoding=\"async\" src=\"https:\/\/i0.wp.com\/www.grupomemorial.com.pa\/web\/wp-content\/uploads\/2020\/07\/mission.jpg?fit=540%2C345&ssl=1\" class=\"\" alt=\"\" \/>    <\/div>\n<\/div><\/div><\/div><div class=\"kc-elm kc-css-375340 kc_row kc_row_inner\"><div class=\"kc-elm kc-css-18846 kc_col-sm-12 kc_column_inner kc_col-sm-12 history-content\"><div class=\"kc_wrapper kc-col-inner-container\">\n<div class=\"kc-elm kc-css-265163 kc-title-wrap \">\n\n\t<div class=\"kc_title\"> <h3>NUESTROS  <span>VALORES<\/span><\/h3><\/div>\n<\/div>\n<div class=\"kc-elm kc-css-904755 kc_text_block\"><\/p>\n<ul class=\" Serviciosul navbar-nav\">\n<li>\u00c9tica: Somos fieles a nuestros principios, respetamos las leyes y creemos que el servicio al cliente es una de las principales propuestas de valor agregado a las familias paname\u00f1as.<\/li>\n<li>Responsabilidad: Somos conscientes de las obligaciones que adquirimos por eso garantizamos que el producto o servicio ofrecido cumpla con las necesidades y expectativas de cada persona, manteniendo el respeto y trato digno para su ser querido.<\/li>\n<li>Integridad: Confiamos que el \u00e9xito es el resultado de todos los esfuerzos para trabajar orientados en el beneficio de clientes y p\u00fablico en general.<\/li>\n<li>Sensibilidad: Sabemos que el duelo puede volvernos m\u00e1s susceptibles, es por ello que contamos con un equipo con experiencia, capacidad y sobre todo con un alto sentido humano, comprometido a brindarle soluciones integrales ante la eventualidad del la perdida de un ser querido.<\/li>\n<li>Compromiso: Al elegir GRUPO MEMORIAL, es primordial para nosotros brindarle un servicio c\u00e1lido y fiable, con la mejor asesor\u00eda, para ofrecerles planes y servicios que se ajusten a sus requerimientos.<\/li>\n<\/ul>\n<p>\n<\/div><\/div><\/div><\/div><\/div><\/div><\/div><\/div><\/section>\n","protected":false},"excerpt":{"rendered":"","protected":false},"author":1,"featured_media":0,"parent":0,"menu_order":0,"comment_status":"closed","ping_status":"closed","template":"","meta":{"footnotes":""},"class_list":["post-141","page","type-page","status-publish","hentry"],"yoast_head":"<!-- This site is optimized with the Yoast SEO Premium plugin v27.5 (Yoast SEO v27.5) - https:\/\/yoast.com\/product\/yoast-seo-premium-wordpress\/ -->\n<title>Misi\u00f3n, Visi\u00f3n y Valores - Grupo Memorial<\/title>\n<meta name=\"robots\" content=\"index, follow, max-snippet:-1, max-image-preview:large, max-video-preview:-1\" \/>\n<link rel=\"canonical\" href=\"https:\/\/www.grupomemorial.com.pa\/web\/mision-vision-y-valores\/\" \/>\n<meta property=\"og:locale\" content=\"es_ES\" \/>\n<meta property=\"og:type\" content=\"article\" \/>\n<meta property=\"og:title\" content=\"Misi\u00f3n, Visi\u00f3n y Valores\" \/>\n<meta property=\"og:description\" content=\"NUESTRA Misi\u00f3n Nuestro compromiso con el mercado paname\u00f1o es facilitar soluciones integrales con personal comprometido a brindar una soluci\u00f3n r\u00e1pida, confiable y segura, ante la eventualidad del fallecimiento de un ser humano. NUESTRA VISI\u00d3N Consolidar nuestros servicios de cementerios y funerarias a nivel nacional, ofreciendo servicios integrales que brinden una soluci\u00f3n anticipada a todas las &hellip; Continuar leyendo &quot;Misi\u00f3n, Visi\u00f3n y Valores&quot;\" \/>\n<meta property=\"og:url\" content=\"https:\/\/www.grupomemorial.com.pa\/web\/mision-vision-y-valores\/\" \/>\n<meta property=\"og:site_name\" content=\"Grupo Memorial\" \/>\n<meta property=\"article:publisher\" content=\"https:\/\/www.facebook.com\/grupomemorialpanama\/\" \/>\n<meta property=\"article:modified_time\" content=\"2021-09-21T04:40:18+00:00\" \/>\n<meta property=\"og:image\" content=\"https:\/\/www.grupomemorial.com.pa\/web\/wp-content\/uploads\/2020\/07\/mission.jpg\" \/>\n<meta name=\"twitter:card\" content=\"summary_large_image\" \/>\n<meta name=\"twitter:site\" content=\"@grupo_mem_pty\" \/>\n<meta name=\"twitter:label1\" content=\"Tiempo de lectura\" \/>\n\t<meta name=\"twitter:data1\" content=\"1 minuto\" \/>\n<script type=\"application\/ld+json\" class=\"yoast-schema-graph\">{\"@context\":\"https:\\\/\\\/schema.org\",\"@graph\":[{\"@type\":\"WebPage\",\"@id\":\"https:\\\/\\\/www.grupomemorial.com.pa\\\/web\\\/mision-vision-y-valores\\\/\",\"url\":\"https:\\\/\\\/www.grupomemorial.com.pa\\\/web\\\/mision-vision-y-valores\\\/\",\"name\":\"Misi\u00f3n, Visi\u00f3n y Valores - Grupo Memorial\",\"isPartOf\":{\"@id\":\"https:\\\/\\\/www.grupomemorial.com.pa\\\/web\\\/#website\"},\"primaryImageOfPage\":{\"@id\":\"https:\\\/\\\/www.grupomemorial.com.pa\\\/web\\\/mision-vision-y-valores\\\/#primaryimage\"},\"image\":{\"@id\":\"https:\\\/\\\/www.grupomemorial.com.pa\\\/web\\\/mision-vision-y-valores\\\/#primaryimage\"},\"thumbnailUrl\":\"https:\\\/\\\/www.grupomemorial.com.pa\\\/web\\\/wp-content\\\/uploads\\\/2020\\\/07\\\/mission.jpg\",\"datePublished\":\"2020-07-31T12:19:25+00:00\",\"dateModified\":\"2021-09-21T04:40:18+00:00\",\"breadcrumb\":{\"@id\":\"https:\\\/\\\/www.grupomemorial.com.pa\\\/web\\\/mision-vision-y-valores\\\/#breadcrumb\"},\"inLanguage\":\"es\",\"potentialAction\":[{\"@type\":\"ReadAction\",\"target\":[\"https:\\\/\\\/www.grupomemorial.com.pa\\\/web\\\/mision-vision-y-valores\\\/\"]}]},{\"@type\":\"ImageObject\",\"inLanguage\":\"es\",\"@id\":\"https:\\\/\\\/www.grupomemorial.com.pa\\\/web\\\/mision-vision-y-valores\\\/#primaryimage\",\"url\":\"https:\\\/\\\/i0.wp.com\\\/www.grupomemorial.com.pa\\\/web\\\/wp-content\\\/uploads\\\/2020\\\/07\\\/mission.jpg?fit=540%2C345&ssl=1\",\"contentUrl\":\"https:\\\/\\\/i0.wp.com\\\/www.grupomemorial.com.pa\\\/web\\\/wp-content\\\/uploads\\\/2020\\\/07\\\/mission.jpg?fit=540%2C345&ssl=1\",\"width\":540,\"height\":345,\"caption\":\"mission\"},{\"@type\":\"BreadcrumbList\",\"@id\":\"https:\\\/\\\/www.grupomemorial.com.pa\\\/web\\\/mision-vision-y-valores\\\/#breadcrumb\",\"itemListElement\":[{\"@type\":\"ListItem\",\"position\":1,\"name\":\"Inicio\",\"item\":\"https:\\\/\\\/www.grupomemorial.com.pa\\\/web\\\/\"},{\"@type\":\"ListItem\",\"position\":2,\"name\":\"Misi\u00f3n, Visi\u00f3n y Valores\"}]},{\"@type\":\"WebSite\",\"@id\":\"https:\\\/\\\/www.grupomemorial.com.pa\\\/web\\\/#website\",\"url\":\"https:\\\/\\\/www.grupomemorial.com.pa\\\/web\\\/\",\"name\":\"Grupo Memorial\",\"description\":\"Funerarias, Cementerios y Cremaci\u00f3n en Panam\u00e1\",\"publisher\":{\"@id\":\"https:\\\/\\\/www.grupomemorial.com.pa\\\/web\\\/#organization\"},\"potentialAction\":[{\"@type\":\"SearchAction\",\"target\":{\"@type\":\"EntryPoint\",\"urlTemplate\":\"https:\\\/\\\/www.grupomemorial.com.pa\\\/web\\\/?s={search_term_string}\"},\"query-input\":{\"@type\":\"PropertyValueSpecification\",\"valueRequired\":true,\"valueName\":\"search_term_string\"}}],\"inLanguage\":\"es\"},{\"@type\":[\"Organization\",\"Place\"],\"@id\":\"https:\\\/\\\/www.grupomemorial.com.pa\\\/web\\\/#organization\",\"name\":\"Grupo Memorial | Corporativo\",\"url\":\"https:\\\/\\\/www.grupomemorial.com.pa\\\/web\\\/\",\"logo\":{\"@id\":\"https:\\\/\\\/www.grupomemorial.com.pa\\\/web\\\/mision-vision-y-valores\\\/#local-main-organization-logo\"},\"image\":{\"@id\":\"https:\\\/\\\/www.grupomemorial.com.pa\\\/web\\\/mision-vision-y-valores\\\/#local-main-organization-logo\"},\"sameAs\":[\"https:\\\/\\\/www.facebook.com\\\/grupomemorialpanama\\\/\",\"https:\\\/\\\/x.com\\\/grupo_mem_pty\",\"https:\\\/\\\/instagram.com\\\/grupo_memorial_panama\",\"https:\\\/\\\/www.linkedin.com\\\/company\\\/grupo-memorial-corporativo\"],\"telephone\":[],\"openingHoursSpecification\":[{\"@type\":\"OpeningHoursSpecification\",\"dayOfWeek\":[\"Monday\",\"Tuesday\",\"Wednesday\",\"Thursday\",\"Friday\",\"Saturday\",\"Sunday\"],\"opens\":\"09:00\",\"closes\":\"17:00\"}]},{\"@type\":\"ImageObject\",\"inLanguage\":\"es\",\"@id\":\"https:\\\/\\\/www.grupomemorial.com.pa\\\/web\\\/mision-vision-y-valores\\\/#local-main-organization-logo\",\"url\":\"https:\\\/\\\/i0.wp.com\\\/www.grupomemorial.com.pa\\\/web\\\/wp-content\\\/uploads\\\/2020\\\/09\\\/GMSA-Original.png?fit=1700%2C1701&ssl=1\",\"contentUrl\":\"https:\\\/\\\/i0.wp.com\\\/www.grupomemorial.com.pa\\\/web\\\/wp-content\\\/uploads\\\/2020\\\/09\\\/GMSA-Original.png?fit=1700%2C1701&ssl=1\",\"width\":1700,\"height\":1701,\"caption\":\"Grupo Memorial | Corporativo\"}]}<\/script>\n<!-- \/ Yoast SEO Premium plugin. -->","yoast_head_json":{"title":"Misi\u00f3n, Visi\u00f3n y Valores - Grupo Memorial","robots":{"index":"index","follow":"follow","max-snippet":"max-snippet:-1","max-image-preview":"max-image-preview:large","max-video-preview":"max-video-preview:-1"},"canonical":"https:\/\/www.grupomemorial.com.pa\/web\/mision-vision-y-valores\/","og_locale":"es_ES","og_type":"article","og_title":"Misi\u00f3n, Visi\u00f3n y Valores","og_description":"NUESTRA Misi\u00f3n Nuestro compromiso con el mercado paname\u00f1o es facilitar soluciones integrales con personal comprometido a brindar una soluci\u00f3n r\u00e1pida, confiable y segura, ante la eventualidad del fallecimiento de un ser humano. NUESTRA VISI\u00d3N Consolidar nuestros servicios de cementerios y funerarias a nivel nacional, ofreciendo servicios integrales que brinden una soluci\u00f3n anticipada a todas las &hellip; Continuar leyendo \"Misi\u00f3n, Visi\u00f3n y Valores\"","og_url":"https:\/\/www.grupomemorial.com.pa\/web\/mision-vision-y-valores\/","og_site_name":"Grupo Memorial","article_publisher":"https:\/\/www.facebook.com\/grupomemorialpanama\/","article_modified_time":"2021-09-21T04:40:18+00:00","og_image":[{"url":"https:\/\/www.grupomemorial.com.pa\/web\/wp-content\/uploads\/2020\/07\/mission.jpg","type":"","width":"","height":""}],"twitter_card":"summary_large_image","twitter_site":"@grupo_mem_pty","twitter_misc":{"Tiempo de lectura":"1 minuto"},"schema":{"@context":"https:\/\/schema.org","@graph":[{"@type":"WebPage","@id":"https:\/\/www.grupomemorial.com.pa\/web\/mision-vision-y-valores\/","url":"https:\/\/www.grupomemorial.com.pa\/web\/mision-vision-y-valores\/","name":"Misi\u00f3n, Visi\u00f3n y Valores - Grupo Memorial","isPartOf":{"@id":"https:\/\/www.grupomemorial.com.pa\/web\/#website"},"primaryImageOfPage":{"@id":"https:\/\/www.grupomemorial.com.pa\/web\/mision-vision-y-valores\/#primaryimage"},"image":{"@id":"https:\/\/www.grupomemorial.com.pa\/web\/mision-vision-y-valores\/#primaryimage"},"thumbnailUrl":"https:\/\/www.grupomemorial.com.pa\/web\/wp-content\/uploads\/2020\/07\/mission.jpg","datePublished":"2020-07-31T12:19:25+00:00","dateModified":"2021-09-21T04:40:18+00:00","breadcrumb":{"@id":"https:\/\/www.grupomemorial.com.pa\/web\/mision-vision-y-valores\/#breadcrumb"},"inLanguage":"es","potentialAction":[{"@type":"ReadAction","target":["https:\/\/www.grupomemorial.com.pa\/web\/mision-vision-y-valores\/"]}]},{"@type":"ImageObject","inLanguage":"es","@id":"https:\/\/www.grupomemorial.com.pa\/web\/mision-vision-y-valores\/#primaryimage","url":"https:\/\/i0.wp.com\/www.grupomemorial.com.pa\/web\/wp-content\/uploads\/2020\/07\/mission.jpg?fit=540%2C345&ssl=1","contentUrl":"https:\/\/i0.wp.com\/www.grupomemorial.com.pa\/web\/wp-content\/uploads\/2020\/07\/mission.jpg?fit=540%2C345&ssl=1","width":540,"height":345,"caption":"mission"},{"@type":"BreadcrumbList","@id":"https:\/\/www.grupomemorial.com.pa\/web\/mision-vision-y-valores\/#breadcrumb","itemListElement":[{"@type":"ListItem","position":1,"name":"Inicio","item":"https:\/\/www.grupomemorial.com.pa\/web\/"},{"@type":"ListItem","position":2,"name":"Misi\u00f3n, Visi\u00f3n y Valores"}]},{"@type":"WebSite","@id":"https:\/\/www.grupomemorial.com.pa\/web\/#website","url":"https:\/\/www.grupomemorial.com.pa\/web\/","name":"Grupo Memorial","description":"Funerarias, Cementerios y Cremaci\u00f3n en Panam\u00e1","publisher":{"@id":"https:\/\/www.grupomemorial.com.pa\/web\/#organization"},"potentialAction":[{"@type":"SearchAction","target":{"@type":"EntryPoint","urlTemplate":"https:\/\/www.grupomemorial.com.pa\/web\/?s={search_term_string}"},"query-input":{"@type":"PropertyValueSpecification","valueRequired":true,"valueName":"search_term_string"}}],"inLanguage":"es"},{"@type":["Organization","Place"],"@id":"https:\/\/www.grupomemorial.com.pa\/web\/#organization","name":"Grupo Memorial | Corporativo","url":"https:\/\/www.grupomemorial.com.pa\/web\/","logo":{"@id":"https:\/\/www.grupomemorial.com.pa\/web\/mision-vision-y-valores\/#local-main-organization-logo"},"image":{"@id":"https:\/\/www.grupomemorial.com.pa\/web\/mision-vision-y-valores\/#local-main-organization-logo"},"sameAs":["https:\/\/www.facebook.com\/grupomemorialpanama\/","https:\/\/x.com\/grupo_mem_pty","https:\/\/instagram.com\/grupo_memorial_panama","https:\/\/www.linkedin.com\/company\/grupo-memorial-corporativo"],"telephone":[],"openingHoursSpecification":[{"@type":"OpeningHoursSpecification","dayOfWeek":["Monday","Tuesday","Wednesday","Thursday","Friday","Saturday","Sunday"],"opens":"09:00","closes":"17:00"}]},{"@type":"ImageObject","inLanguage":"es","@id":"https:\/\/www.grupomemorial.com.pa\/web\/mision-vision-y-valores\/#local-main-organization-logo","url":"https:\/\/i0.wp.com\/www.grupomemorial.com.pa\/web\/wp-content\/uploads\/2020\/09\/GMSA-Original.png?fit=1700%2C1701&ssl=1","contentUrl":"https:\/\/i0.wp.com\/www.grupomemorial.com.pa\/web\/wp-content\/uploads\/2020\/09\/GMSA-Original.png?fit=1700%2C1701&ssl=1","width":1700,"height":1701,"caption":"Grupo Memorial | Corporativo"}]}},"jetpack-related-posts":[{"id":173,"url":"https:\/\/www.grupomemorial.com.pa\/web\/productos-y-servicios\/servicios-especiales\/","url_meta":{"origin":141,"position":0},"title":"Servicios Especiales","author":"admin","date":"31\/07\/2020","format":false,"excerpt":"Expatriaciones Disponemos del servicio de enviar a su pa\u00eds natal el cuerpo, de un ciudadano extranjero residente o de visita en Panam\u00e1; a cualquier parte del mundo, cumpliendo con las legislaciones exigidas de cada pa\u00eds. Repatriaciones Contamos con el servicio de regresar a su pa\u00eds natal el cuerpo, a un\u2026","rel":"","context":"Entrada similar","block_context":{"text":"Entrada similar","link":""},"img":{"alt_text":"","src":"","width":0,"height":0},"classes":[]},{"id":175,"url":"https:\/\/www.grupomemorial.com.pa\/web\/productos-y-servicios\/servicios-especiales\/expatriacion\/","url_meta":{"origin":141,"position":1},"title":"Expatriaci\u00f3n","author":"admin","date":"31\/07\/2020","format":false,"excerpt":"Expatriaciones The Title Disponemos del servicio de enviar a su pa\u00eds natal el cuerpo, de un ciudadano extranjero residente o de visita en Panam\u00e1; a cualquier parte del mundo, cumpliendo con las legislaciones exigidas de cada pa\u00eds.","rel":"","context":"Entrada similar","block_context":{"text":"Entrada similar","link":""},"img":{"alt_text":"","src":"","width":0,"height":0},"classes":[]},{"id":117,"url":"https:\/\/www.grupomemorial.com.pa\/web\/productos-y-servicios\/","url_meta":{"origin":141,"position":2},"title":"Productos y servicios","author":"admin","date":"31\/07\/2020","format":false,"excerpt":"SERVICIOS Es nuestro compromiso continuar siendo un soporte para la comunidad. sabiendo que como organizaci\u00f3n cuidamos y honramos la historia memoria y tradici\u00f3n de sus seres queridos. Cementerios En Grupo Memorial nos preocupamos de dar el apoyo, esmero y cercania que necesita... Lee mas SERVICIOS FUNERARIOS Y CREMACI\u00d3N Contamos con\u2026","rel":"","context":"Entrada similar","block_context":{"text":"Entrada similar","link":""},"img":{"alt_text":"","src":"","width":0,"height":0},"classes":[]},{"id":139,"url":"https:\/\/www.grupomemorial.com.pa\/web\/historia\/","url_meta":{"origin":141,"position":3},"title":"Historia","author":"admin","date":"31\/07\/2020","format":false,"excerpt":"HISTORIA Desde el 2002, con la construcci\u00f3n del primer Cementerio Parque Praderas De La Paz, ubicado en el \u00e1rea de La Cabima, al noreste de la ciudad de Panam\u00e1, EL GRUPO se establece como un referente en el sector de los cementerios privados con precios competitivos y un moderno sistema\u2026","rel":"","context":"Entrada similar","block_context":{"text":"Entrada similar","link":""},"img":{"alt_text":"","src":"","width":0,"height":0},"classes":[]},{"id":195,"url":"https:\/\/www.grupomemorial.com.pa\/web\/cementerio-parque-praderas-de-la-paz-pacora\/","url_meta":{"origin":141,"position":4},"title":"Cementerio Parque Praderas De La Paz | Pacora","author":"admin","date":"31\/07\/2020","format":false,"excerpt":"Pacora, Los Lotes, frente a Urb. Castilla Real No.1 293-3400,225-7123,6674-6754","rel":"","context":"Entrada similar","block_context":{"text":"Entrada similar","link":""},"img":{"alt_text":"","src":"https:\/\/i0.wp.com\/www.grupomemorial.com.pa\/web\/wp-content\/uploads\/2020\/09\/Fachada-Frente-1024x682.jpg?resize=350%2C200&ssl=1","width":350,"height":200,"srcset":"https:\/\/i0.wp.com\/www.grupomemorial.com.pa\/web\/wp-content\/uploads\/2020\/09\/Fachada-Frente-1024x682.jpg?resize=350%2C200&ssl=1 1x, https:\/\/i0.wp.com\/www.grupomemorial.com.pa\/web\/wp-content\/uploads\/2020\/09\/Fachada-Frente-1024x682.jpg?resize=525%2C300&ssl=1 1.5x, https:\/\/i0.wp.com\/www.grupomemorial.com.pa\/web\/wp-content\/uploads\/2020\/09\/Fachada-Frente-1024x682.jpg?resize=700%2C400&ssl=1 2x"},"classes":[]},{"id":214,"url":"https:\/\/www.grupomemorial.com.pa\/web\/grupo-memorial-cc-el-faro\/","url_meta":{"origin":141,"position":5},"title":"Grupo Memorial | CC El Faro","author":"admin","date":"31\/07\/2020","format":false,"excerpt":"Avenida Domingo D\u00edaz, Centro Comercial El Faro, Local No.16 293-3400,225-7123,6674-6754","rel":"","context":"Entrada similar","block_context":{"text":"Entrada similar","link":""},"img":{"alt_text":"","src":"https:\/\/i0.wp.com\/www.grupomemorial.com.pa\/web\/wp-content\/uploads\/2020\/09\/Fachada-2-1024x682.jpg?resize=350%2C200&ssl=1","width":350,"height":200,"srcset":"https:\/\/i0.wp.com\/www.grupomemorial.com.pa\/web\/wp-content\/uploads\/2020\/09\/Fachada-2-1024x682.jpg?resize=350%2C200&ssl=1 1x, https:\/\/i0.wp.com\/www.grupomemorial.com.pa\/web\/wp-content\/uploads\/2020\/09\/Fachada-2-1024x682.jpg?resize=525%2C300&ssl=1 1.5x, https:\/\/i0.wp.com\/www.grupomemorial.com.pa\/web\/wp-content\/uploads\/2020\/09\/Fachada-2-1024x682.jpg?resize=700%2C400&ssl=1 2x"},"classes":[]}],"_links":{"self":[{"href":"https:\/\/www.grupomemorial.com.pa\/web\/wp-json\/wp\/v2\/pages\/141","targetHints":{"allow":["GET"]}}],"collection":[{"href":"https:\/\/www.grupomemorial.com.pa\/web\/wp-json\/wp\/v2\/pages"}],"about":[{"href":"https:\/\/www.grupomemorial.com.pa\/web\/wp-json\/wp\/v2\/types\/page"}],"author":[{"embeddable":true,"href":"https:\/\/www.grupomemorial.com.pa\/web\/wp-json\/wp\/v2\/users\/1"}],"replies":[{"embeddable":true,"href":"https:\/\/www.grupomemorial.com.pa\/web\/wp-json\/wp\/v2\/comments?post=141"}],"version-history":[{"count":12,"href":"https:\/\/www.grupomemorial.com.pa\/web\/wp-json\/wp\/v2\/pages\/141\/revisions"}],"predecessor-version":[{"id":797,"href":"https:\/\/www.grupomemorial.com.pa\/web\/wp-json\/wp\/v2\/pages\/141\/revisions\/797"}],"wp:attachment":[{"href":"https:\/\/www.grupomemorial.com.pa\/web\/wp-json\/wp\/v2\/media?parent=141"}],"curies":[{"name":"wp","href":"https:\/\/api.w.org\/{rel}","templated":true}]}}