{"id":146,"date":"2020-07-31T12:24:34","date_gmt":"2020-07-31T12:24:34","guid":{"rendered":"http:\/\/www.grupomemorial.com.pa\/web\/?page_id=146"},"modified":"2025-02-20T04:16:09","modified_gmt":"2025-02-20T09:16:09","slug":"solucion-familiar","status":"publish","type":"page","link":"https:\/\/www.grupomemorial.com.pa\/web\/productos-y-servicios\/cementerios\/solucion-familiar\/","title":{"rendered":"Soluci\u00f3n Familiar"},"content":{"rendered":"<section class=\"kc-elm kc-css-687779 kc_row\"><div class=\"kc-row-container  kc-container\"><div class=\"kc-wrap-columns\"><div class=\"kc-elm kc-css-75740 kc_col-sm-12 kc_column kc_col-sm-12\"><div class=\"kc-col-container\"><div class=\"kc-elm kc-css-420450 kc_row kc_row_inner\"><div class=\"kc-elm kc-css-384153 kc_col-sm-12 kc_column_inner kc_col-sm-12 history-content\"><div class=\"kc_wrapper kc-col-inner-container\">\n<div class=\"kc-elm kc-css-297334 kc-title-wrap \">\n\n\t<div class=\"kc_title\"> <h3>Soluci\u00f3n <span>FAMILIAR<\/span> <\/h3><\/div>\n<\/div>\n<div class=\"kc-elm kc-css-157928 kc_text_block\"><\/p>\n<p>\nEl cliente adquiere el derecho a utilizar un lote con unas dimensiones de 2.50 mts. de largo por un 1 mts. de ancho y una profundidad de 1.20 mts. por un periodo de seis (6) a\u00f1os.<\/p>\n<p>\n<\/div><\/div><\/div><\/div>\n<div class=\"kc-elm kc-css-772799 kc-title-wrap \">\n\n\t<div class=\"kc_title\"> <h4>CARACTER\u00cdSTICAS <span>DEL PRODUCTO<\/span><\/h4><\/div>\n<\/div>\n<div class=\"kc-elm kc-css-931421 kc_text_block\"><\/p>\n<p>\n<b>A.<\/b> Lote: derecho a uso por 6 a\u00f1os.<\/p>\n<p><b>B.<\/b> Servicio de Exhumaci\u00f3n: se retiran de manera permanente, los restos previamente inhumados en el lote cedido en temporalidad.<\/p>\n<p><b>C.<\/b> Osario y\/o nichos en altura: con unas dimensiones de 30 cm de ancho y 30 cm de alto con profundidad de 60 cm, capacidad para una caja de restos o en su defecto dos urnas para cenizas.<\/p>\n<p><b>D.<\/b> Moderno sistema de fabricaci\u00f3n de nichos con polietileno cubiertos con granito, para proteger los restos de sus seres queridos sin ning\u00fan tipo de contacto con la tierra. (Caracter\u00edsticas)<\/p>\n<p><b>E.<\/b> Adecuaci\u00f3n de Osarios: traslado de restos del lote en temporalidad hacia los osarios y\/o nichos en altura.<\/p>\n<p>\n<\/div>\n<div class=\"kc-elm kc-css-595238 kc-title-wrap \">\n\n\t<div class=\"kc_title\">  <h4>BENEFICIOS <span>DEL PRODUCTO<\/span><\/h4><\/div>\n<\/div>\n<div class=\"kc-elm kc-css-169702 kc_text_block\"><\/p>\n<p>\n<b>A.<\/b> Las dimensiones del espacio permiten conservar el recuerdo de su ser querido de manera individual como osario o grupal en caso de usar como nicho.<\/p>\n<p><b>B.<\/b> El derecho a uso del osario y\/o nichos es de 999 a\u00f1os.<\/p>\n<p><b>C.<\/b> Servicio de manera dual, ya sea entierro tradicional o en cremaci\u00f3n, usted decide como utilizarlo al momento de necesitarlo.<\/p>\n<p><b>D.<\/b> Presupuestos ajustados a sus necesidades, pagaderos en c\u00f3modas cuotas mensuales.<\/p>\n<p><b>E.<\/b> Atenci\u00f3n personalizada.<\/p>\n<p><b>F.<\/b> Producto 100% transferible<\/p>\n<p><b>G.<\/b> Emisi\u00f3n de Certificados (negociables), al momento de la cancelaci\u00f3n de su contrato.<\/p>\n<p><b>H.<\/b> El producto puede ser utilizado en cualquiera de los tres (3) parques cementerios de Grupo Memorial (La Cabima, Pacora y David)<\/p>\n<p>\n<\/div><\/div><\/div><\/div><\/div><\/section>\n","protected":false},"excerpt":{"rendered":"","protected":false},"author":1,"featured_media":0,"parent":100,"menu_order":0,"comment_status":"closed","ping_status":"closed","template":"","meta":{"footnotes":""},"class_list":["post-146","page","type-page","status-publish","hentry"],"yoast_head":"<!-- This site is optimized with the Yoast SEO Premium plugin v27.4 (Yoast SEO v27.4) - https:\/\/yoast.com\/product\/yoast-seo-premium-wordpress\/ -->\n<title>Plan Funerario Familiar | Grupo Memorial Corporativo<\/title>\n<meta name=\"description\" content=\"Asegure tranquilidad con un plan funerario familiar de Grupo Memorial Corporativo. Ofrecemos servicios integrales, accesibles y personalizados para proteger a sus seres queridos.\" \/>\n<meta name=\"robots\" content=\"index, follow, max-snippet:-1, max-image-preview:large, max-video-preview:-1\" \/>\n<link rel=\"canonical\" href=\"https:\/\/www.grupomemorial.com.pa\/web\/productos-y-servicios\/cementerios\/solucion-familiar\/\" \/>\n<meta property=\"og:locale\" content=\"es_ES\" \/>\n<meta property=\"og:type\" content=\"article\" \/>\n<meta property=\"og:title\" content=\"Soluci\u00f3n Familiar\" \/>\n<meta property=\"og:description\" content=\"Asegure tranquilidad con un plan funerario familiar de Grupo Memorial Corporativo. Ofrecemos servicios integrales, accesibles y personalizados para proteger a sus seres queridos.\" \/>\n<meta property=\"og:url\" content=\"https:\/\/www.grupomemorial.com.pa\/web\/productos-y-servicios\/cementerios\/solucion-familiar\/\" \/>\n<meta property=\"og:site_name\" content=\"Grupo Memorial\" \/>\n<meta property=\"article:publisher\" content=\"https:\/\/www.facebook.com\/grupomemorialpanama\/\" \/>\n<meta property=\"article:modified_time\" content=\"2025-02-20T09:16:09+00:00\" \/>\n<meta property=\"og:image\" content=\"https:\/\/i0.wp.com\/www.grupomemorial.com.pa\/web\/wp-content\/uploads\/2020\/09\/GMSA-Original.png?fit=1700%2C1701&ssl=1\" \/>\n\t<meta property=\"og:image:width\" content=\"1700\" \/>\n\t<meta property=\"og:image:height\" content=\"1701\" \/>\n\t<meta property=\"og:image:type\" content=\"image\/png\" \/>\n<meta name=\"twitter:card\" content=\"summary_large_image\" \/>\n<meta name=\"twitter:site\" content=\"@grupo_mem_pty\" \/>\n<meta name=\"twitter:label1\" content=\"Tiempo de lectura\" \/>\n\t<meta name=\"twitter:data1\" content=\"2 minutos\" \/>\n<script type=\"application\/ld+json\" class=\"yoast-schema-graph\">{\"@context\":\"https:\\\/\\\/schema.org\",\"@graph\":[{\"@type\":\"WebPage\",\"@id\":\"https:\\\/\\\/www.grupomemorial.com.pa\\\/web\\\/productos-y-servicios\\\/cementerios\\\/solucion-familiar\\\/\",\"url\":\"https:\\\/\\\/www.grupomemorial.com.pa\\\/web\\\/productos-y-servicios\\\/cementerios\\\/solucion-familiar\\\/\",\"name\":\"Plan Funerario Familiar | Grupo Memorial Corporativo\",\"isPartOf\":{\"@id\":\"https:\\\/\\\/www.grupomemorial.com.pa\\\/web\\\/#website\"},\"datePublished\":\"2020-07-31T12:24:34+00:00\",\"dateModified\":\"2025-02-20T09:16:09+00:00\",\"description\":\"Asegure tranquilidad con un plan funerario familiar de Grupo Memorial Corporativo. Ofrecemos servicios integrales, accesibles y personalizados para proteger a sus seres queridos.\",\"breadcrumb\":{\"@id\":\"https:\\\/\\\/www.grupomemorial.com.pa\\\/web\\\/productos-y-servicios\\\/cementerios\\\/solucion-familiar\\\/#breadcrumb\"},\"inLanguage\":\"es\",\"potentialAction\":[{\"@type\":\"ReadAction\",\"target\":[\"https:\\\/\\\/www.grupomemorial.com.pa\\\/web\\\/productos-y-servicios\\\/cementerios\\\/solucion-familiar\\\/\"]}]},{\"@type\":\"BreadcrumbList\",\"@id\":\"https:\\\/\\\/www.grupomemorial.com.pa\\\/web\\\/productos-y-servicios\\\/cementerios\\\/solucion-familiar\\\/#breadcrumb\",\"itemListElement\":[{\"@type\":\"ListItem\",\"position\":1,\"name\":\"Inicio\",\"item\":\"https:\\\/\\\/www.grupomemorial.com.pa\\\/web\\\/\"},{\"@type\":\"ListItem\",\"position\":2,\"name\":\"Productos y servicios\",\"item\":\"https:\\\/\\\/www.grupomemorial.com.pa\\\/web\\\/productos-y-servicios\\\/\"},{\"@type\":\"ListItem\",\"position\":3,\"name\":\"Cementerios\",\"item\":\"https:\\\/\\\/www.grupomemorial.com.pa\\\/web\\\/productos-y-servicios\\\/cementerios\\\/\"},{\"@type\":\"ListItem\",\"position\":4,\"name\":\"Soluci\u00f3n Familiar\"}]},{\"@type\":\"WebSite\",\"@id\":\"https:\\\/\\\/www.grupomemorial.com.pa\\\/web\\\/#website\",\"url\":\"https:\\\/\\\/www.grupomemorial.com.pa\\\/web\\\/\",\"name\":\"Grupo Memorial\",\"description\":\"Funerarias, Cementerios y Cremaci\u00f3n en Panam\u00e1\",\"publisher\":{\"@id\":\"https:\\\/\\\/www.grupomemorial.com.pa\\\/web\\\/#organization\"},\"potentialAction\":[{\"@type\":\"SearchAction\",\"target\":{\"@type\":\"EntryPoint\",\"urlTemplate\":\"https:\\\/\\\/www.grupomemorial.com.pa\\\/web\\\/?s={search_term_string}\"},\"query-input\":{\"@type\":\"PropertyValueSpecification\",\"valueRequired\":true,\"valueName\":\"search_term_string\"}}],\"inLanguage\":\"es\"},{\"@type\":[\"Organization\",\"Place\"],\"@id\":\"https:\\\/\\\/www.grupomemorial.com.pa\\\/web\\\/#organization\",\"name\":\"Grupo Memorial | Corporativo\",\"url\":\"https:\\\/\\\/www.grupomemorial.com.pa\\\/web\\\/\",\"logo\":{\"@id\":\"https:\\\/\\\/www.grupomemorial.com.pa\\\/web\\\/productos-y-servicios\\\/cementerios\\\/solucion-familiar\\\/#local-main-organization-logo\"},\"image\":{\"@id\":\"https:\\\/\\\/www.grupomemorial.com.pa\\\/web\\\/productos-y-servicios\\\/cementerios\\\/solucion-familiar\\\/#local-main-organization-logo\"},\"sameAs\":[\"https:\\\/\\\/www.facebook.com\\\/grupomemorialpanama\\\/\",\"https:\\\/\\\/x.com\\\/grupo_mem_pty\",\"https:\\\/\\\/instagram.com\\\/grupo_memorial_panama\",\"https:\\\/\\\/www.linkedin.com\\\/company\\\/grupo-memorial-corporativo\"],\"telephone\":[],\"openingHoursSpecification\":[{\"@type\":\"OpeningHoursSpecification\",\"dayOfWeek\":[\"Monday\",\"Tuesday\",\"Wednesday\",\"Thursday\",\"Friday\",\"Saturday\",\"Sunday\"],\"opens\":\"09:00\",\"closes\":\"17:00\"}]},{\"@type\":\"ImageObject\",\"inLanguage\":\"es\",\"@id\":\"https:\\\/\\\/www.grupomemorial.com.pa\\\/web\\\/productos-y-servicios\\\/cementerios\\\/solucion-familiar\\\/#local-main-organization-logo\",\"url\":\"https:\\\/\\\/i0.wp.com\\\/www.grupomemorial.com.pa\\\/web\\\/wp-content\\\/uploads\\\/2020\\\/09\\\/GMSA-Original.png?fit=1700%2C1701&ssl=1\",\"contentUrl\":\"https:\\\/\\\/i0.wp.com\\\/www.grupomemorial.com.pa\\\/web\\\/wp-content\\\/uploads\\\/2020\\\/09\\\/GMSA-Original.png?fit=1700%2C1701&ssl=1\",\"width\":1700,\"height\":1701,\"caption\":\"Grupo Memorial | Corporativo\"}]}<\/script>\n<!-- \/ Yoast SEO Premium plugin. -->","yoast_head_json":{"title":"Plan Funerario Familiar | Grupo Memorial Corporativo","description":"Asegure tranquilidad con un plan funerario familiar de Grupo Memorial Corporativo. Ofrecemos servicios integrales, accesibles y personalizados para proteger a sus seres queridos.","robots":{"index":"index","follow":"follow","max-snippet":"max-snippet:-1","max-image-preview":"max-image-preview:large","max-video-preview":"max-video-preview:-1"},"canonical":"https:\/\/www.grupomemorial.com.pa\/web\/productos-y-servicios\/cementerios\/solucion-familiar\/","og_locale":"es_ES","og_type":"article","og_title":"Soluci\u00f3n Familiar","og_description":"Asegure tranquilidad con un plan funerario familiar de Grupo Memorial Corporativo. Ofrecemos servicios integrales, accesibles y personalizados para proteger a sus seres queridos.","og_url":"https:\/\/www.grupomemorial.com.pa\/web\/productos-y-servicios\/cementerios\/solucion-familiar\/","og_site_name":"Grupo Memorial","article_publisher":"https:\/\/www.facebook.com\/grupomemorialpanama\/","article_modified_time":"2025-02-20T09:16:09+00:00","og_image":[{"width":1700,"height":1701,"url":"https:\/\/i0.wp.com\/www.grupomemorial.com.pa\/web\/wp-content\/uploads\/2020\/09\/GMSA-Original.png?fit=1700%2C1701&ssl=1","type":"image\/png"}],"twitter_card":"summary_large_image","twitter_site":"@grupo_mem_pty","twitter_misc":{"Tiempo de lectura":"2 minutos"},"schema":{"@context":"https:\/\/schema.org","@graph":[{"@type":"WebPage","@id":"https:\/\/www.grupomemorial.com.pa\/web\/productos-y-servicios\/cementerios\/solucion-familiar\/","url":"https:\/\/www.grupomemorial.com.pa\/web\/productos-y-servicios\/cementerios\/solucion-familiar\/","name":"Plan Funerario Familiar | Grupo Memorial Corporativo","isPartOf":{"@id":"https:\/\/www.grupomemorial.com.pa\/web\/#website"},"datePublished":"2020-07-31T12:24:34+00:00","dateModified":"2025-02-20T09:16:09+00:00","description":"Asegure tranquilidad con un plan funerario familiar de Grupo Memorial Corporativo. Ofrecemos servicios integrales, accesibles y personalizados para proteger a sus seres queridos.","breadcrumb":{"@id":"https:\/\/www.grupomemorial.com.pa\/web\/productos-y-servicios\/cementerios\/solucion-familiar\/#breadcrumb"},"inLanguage":"es","potentialAction":[{"@type":"ReadAction","target":["https:\/\/www.grupomemorial.com.pa\/web\/productos-y-servicios\/cementerios\/solucion-familiar\/"]}]},{"@type":"BreadcrumbList","@id":"https:\/\/www.grupomemorial.com.pa\/web\/productos-y-servicios\/cementerios\/solucion-familiar\/#breadcrumb","itemListElement":[{"@type":"ListItem","position":1,"name":"Inicio","item":"https:\/\/www.grupomemorial.com.pa\/web\/"},{"@type":"ListItem","position":2,"name":"Productos y servicios","item":"https:\/\/www.grupomemorial.com.pa\/web\/productos-y-servicios\/"},{"@type":"ListItem","position":3,"name":"Cementerios","item":"https:\/\/www.grupomemorial.com.pa\/web\/productos-y-servicios\/cementerios\/"},{"@type":"ListItem","position":4,"name":"Soluci\u00f3n Familiar"}]},{"@type":"WebSite","@id":"https:\/\/www.grupomemorial.com.pa\/web\/#website","url":"https:\/\/www.grupomemorial.com.pa\/web\/","name":"Grupo Memorial","description":"Funerarias, Cementerios y Cremaci\u00f3n en Panam\u00e1","publisher":{"@id":"https:\/\/www.grupomemorial.com.pa\/web\/#organization"},"potentialAction":[{"@type":"SearchAction","target":{"@type":"EntryPoint","urlTemplate":"https:\/\/www.grupomemorial.com.pa\/web\/?s={search_term_string}"},"query-input":{"@type":"PropertyValueSpecification","valueRequired":true,"valueName":"search_term_string"}}],"inLanguage":"es"},{"@type":["Organization","Place"],"@id":"https:\/\/www.grupomemorial.com.pa\/web\/#organization","name":"Grupo Memorial | Corporativo","url":"https:\/\/www.grupomemorial.com.pa\/web\/","logo":{"@id":"https:\/\/www.grupomemorial.com.pa\/web\/productos-y-servicios\/cementerios\/solucion-familiar\/#local-main-organization-logo"},"image":{"@id":"https:\/\/www.grupomemorial.com.pa\/web\/productos-y-servicios\/cementerios\/solucion-familiar\/#local-main-organization-logo"},"sameAs":["https:\/\/www.facebook.com\/grupomemorialpanama\/","https:\/\/x.com\/grupo_mem_pty","https:\/\/instagram.com\/grupo_memorial_panama","https:\/\/www.linkedin.com\/company\/grupo-memorial-corporativo"],"telephone":[],"openingHoursSpecification":[{"@type":"OpeningHoursSpecification","dayOfWeek":["Monday","Tuesday","Wednesday","Thursday","Friday","Saturday","Sunday"],"opens":"09:00","closes":"17:00"}]},{"@type":"ImageObject","inLanguage":"es","@id":"https:\/\/www.grupomemorial.com.pa\/web\/productos-y-servicios\/cementerios\/solucion-familiar\/#local-main-organization-logo","url":"https:\/\/i0.wp.com\/www.grupomemorial.com.pa\/web\/wp-content\/uploads\/2020\/09\/GMSA-Original.png?fit=1700%2C1701&ssl=1","contentUrl":"https:\/\/i0.wp.com\/www.grupomemorial.com.pa\/web\/wp-content\/uploads\/2020\/09\/GMSA-Original.png?fit=1700%2C1701&ssl=1","width":1700,"height":1701,"caption":"Grupo Memorial | Corporativo"}]}},"jetpack-related-posts":[{"id":125,"url":"https:\/\/www.grupomemorial.com.pa\/web\/contactenos\/","url_meta":{"origin":146,"position":0},"title":"Cont\u00e1ctenos","author":"admin","date":"31\/07\/2020","format":false,"excerpt":"Ave. Domingo D\u00edaz, CC El Faro, Local 16Ave. Justo Arosemena and Cl.30San Pablo Viejo, David, Chiriqui 293-3400, 225-7123, 775-7371 info@grupomemorial.com.pa ESCRIBENOS Enviar \u0394 Formas de pago Miembros de","rel":"","context":"Entrada similar","block_context":{"text":"Entrada similar","link":""},"img":{"alt_text":"","src":"","width":0,"height":0},"classes":[]},{"id":148,"url":"https:\/\/www.grupomemorial.com.pa\/web\/pradera-de-los-angeles\/","url_meta":{"origin":146,"position":1},"title":"Pradera de Los \u00c1ngeles","author":"admin","date":"31\/07\/2020","format":false,"excerpt":"Jardin de \u00c1ngeles El cliente adquiere el derecho a utilizar un lote con unas dimensiones de 1.00mts de largo por un 50cm de ancho y una profundidad de 80cm por un periodo m\u00e1ximo de dos (2) a\u00f1os. Caracteristicas del producto A. Lote: derecho a uso por 2 a\u00f1os. B. Prefabricados:\u2026","rel":"","context":"Entrada similar","block_context":{"text":"Entrada similar","link":""},"img":{"alt_text":"","src":"","width":0,"height":0},"classes":[]},{"id":228,"url":"https:\/\/www.grupomemorial.com.pa\/web\/cremacion\/","url_meta":{"origin":146,"position":2},"title":"Preguntas frecuentes","author":"admin","date":"31\/07\/2020","format":false,"excerpt":"CREMACI\u00d3N Con 10 a\u00f1os de experiencia en el negocio funerario, nuestro crematorio se encuentra ubicado en las ciudades de Panam\u00e1 y David, en un ambiente de naturaleza, aire libre y serenidad. Solo se realizan cremaciones individuales y con extrema rigurosidad, identificando a la persona durante todo el proceso, para otorgarle\u2026","rel":"","context":"Entrada similar","block_context":{"text":"Entrada similar","link":""},"img":{"alt_text":"","src":"","width":0,"height":0},"classes":[]},{"id":158,"url":"https:\/\/www.grupomemorial.com.pa\/web\/productos-y-servicios\/servicios-funerarios-y-cremacion-2\/","url_meta":{"origin":146,"position":3},"title":"Servicios Funerarios y Cremaci\u00f3n","author":"admin","date":"31\/07\/2020","format":false,"excerpt":"Contamos con cuatro (4) tipo de servicios funerarios y cremaci\u00f3n, que brindan tranquilidad a las familias ante la eventualidad de la p\u00e9rdida de un ser querido, con planes dise\u00f1ados para cubrir tus necesidades y ajustados a su presupuesto. Beneficios del Servicio A. Evita tr\u00e1mites y procesos tediosos asociados a altos\u2026","rel":"","context":"Entrada similar","block_context":{"text":"Entrada similar","link":""},"img":{"alt_text":"","src":"","width":0,"height":0},"classes":[]},{"id":136,"url":"https:\/\/www.grupomemorial.com.pa\/web\/quienes-somos\/","url_meta":{"origin":146,"position":4},"title":"\u00bfQuienes somos?","author":"admin","date":"31\/07\/2020","format":false,"excerpt":"Somos una organizaci\u00f3n de capital 100% paname\u00f1o, orientada a brindar a las familias soluciones integrales de cementerios y funerarias, ofreciendo un servicio oportuno, de forma c\u00e1lida, digna, con el m\u00e1s alto grado de sensibilidad, ante la p\u00e9rdida de un ser querido. Miembros de:","rel":"","context":"Entrada similar","block_context":{"text":"Entrada similar","link":""},"img":{"alt_text":"","src":"","width":0,"height":0},"classes":[]},{"id":8,"url":"https:\/\/www.grupomemorial.com.pa\/web\/","url_meta":{"origin":146,"position":5},"title":"Inicio","author":"admin","date":"31\/07\/2020","format":false,"excerpt":"Bienvenidos a Grupo Memorial Somos una organizaci\u00f3n de capital 100% Paname\u00f1o, orientada a brindar a las familias soluciones integrales de cementerios y funerarias, ofreciendo un servicio oportuno, de forma c\u00e1lida, digna y con el m\u00e1s alto grado de sensibilidad, ante la p\u00e9rdida de un ser querido. HOMENAJE DE VIDA Descargar\u2026","rel":"","context":"Entrada similar","block_context":{"text":"Entrada similar","link":""},"img":{"alt_text":"","src":"https:\/\/i0.wp.com\/www.grupomemorial.com.pa\/web\/wp-content\/uploads\/2022\/01\/BANNER-WEB_Mesa-de-trabajo-1.png?resize=350%2C200&ssl=1","width":350,"height":200,"srcset":"https:\/\/i0.wp.com\/www.grupomemorial.com.pa\/web\/wp-content\/uploads\/2022\/01\/BANNER-WEB_Mesa-de-trabajo-1.png?resize=350%2C200&ssl=1 1x, https:\/\/i0.wp.com\/www.grupomemorial.com.pa\/web\/wp-content\/uploads\/2022\/01\/BANNER-WEB_Mesa-de-trabajo-1.png?resize=525%2C300&ssl=1 1.5x, https:\/\/i0.wp.com\/www.grupomemorial.com.pa\/web\/wp-content\/uploads\/2022\/01\/BANNER-WEB_Mesa-de-trabajo-1.png?resize=700%2C400&ssl=1 2x, https:\/\/i0.wp.com\/www.grupomemorial.com.pa\/web\/wp-content\/uploads\/2022\/01\/BANNER-WEB_Mesa-de-trabajo-1.png?resize=1050%2C600&ssl=1 3x, https:\/\/i0.wp.com\/www.grupomemorial.com.pa\/web\/wp-content\/uploads\/2022\/01\/BANNER-WEB_Mesa-de-trabajo-1.png?resize=1400%2C800&ssl=1 4x"},"classes":[]}],"_links":{"self":[{"href":"https:\/\/www.grupomemorial.com.pa\/web\/wp-json\/wp\/v2\/pages\/146","targetHints":{"allow":["GET"]}}],"collection":[{"href":"https:\/\/www.grupomemorial.com.pa\/web\/wp-json\/wp\/v2\/pages"}],"about":[{"href":"https:\/\/www.grupomemorial.com.pa\/web\/wp-json\/wp\/v2\/types\/page"}],"author":[{"embeddable":true,"href":"https:\/\/www.grupomemorial.com.pa\/web\/wp-json\/wp\/v2\/users\/1"}],"replies":[{"embeddable":true,"href":"https:\/\/www.grupomemorial.com.pa\/web\/wp-json\/wp\/v2\/comments?post=146"}],"version-history":[{"count":10,"href":"https:\/\/www.grupomemorial.com.pa\/web\/wp-json\/wp\/v2\/pages\/146\/revisions"}],"predecessor-version":[{"id":1599,"href":"https:\/\/www.grupomemorial.com.pa\/web\/wp-json\/wp\/v2\/pages\/146\/revisions\/1599"}],"up":[{"embeddable":true,"href":"https:\/\/www.grupomemorial.com.pa\/web\/wp-json\/wp\/v2\/pages\/100"}],"wp:attachment":[{"href":"https:\/\/www.grupomemorial.com.pa\/web\/wp-json\/wp\/v2\/media?parent=146"}],"curies":[{"name":"wp","href":"https:\/\/api.w.org\/{rel}","templated":true}]}}