{"id":162,"date":"2020-07-31T12:35:03","date_gmt":"2020-07-31T12:35:03","guid":{"rendered":"http:\/\/www.grupomemorial.com.pa\/web\/?page_id=162"},"modified":"2020-08-01T10:24:36","modified_gmt":"2020-08-01T10:24:36","slug":"rubi","status":"publish","type":"page","link":"https:\/\/www.grupomemorial.com.pa\/web\/productos-y-servicios\/servicios-funerarios-y-cremacion-2\/rubi\/","title":{"rendered":"Rub\u00ed"},"content":{"rendered":"<section class=\"kc-elm kc-css-604839 kc_row\"><div class=\"kc-row-container  kc-container\"><div class=\"kc-wrap-columns\"><div class=\"kc-elm kc-css-550463 kc_col-sm-12 kc_column kc_col-sm-12\"><div class=\"kc-col-container\"><div class=\"kc-elm kc-css-353594 kc_row kc_row_inner\"><div class=\"kc-elm kc-css-850374 kc_col-sm-12 kc_column_inner kc_col-sm-12 history-content\"><div class=\"kc_wrapper kc-col-inner-container\">\n<div class=\"kc-elm kc-css-270660 kc-title-wrap \">\n\n\t<div class=\"kc_title\"> <h3>SERVICIO <span>Rub\u00ed<\/span> <\/h3><\/div>\n<\/div>\n<div class=\"kc-elm kc-css-826224 kc_text_block\"><\/p>\n<p><b>A.<\/b> Cofre tipo Imperial<\/p>\n<p><b>B.<\/b> Arreglo floral<\/p>\n<p><b>C.<\/b> 24 horas de morgue privada<\/p>\n<p><b>D.<\/b> Traslados diurnos: hospital, morgue, iglesia, cementerio. (hasta 30 km)<\/p>\n<p><b>E.<\/b> Vestida del cuerpo<\/p>\n<p><strong>F<\/strong>. Libro de Condolencias<\/p>\n<p>\n<\/div><\/div><\/div><\/div>\n<div class=\"kc-elm kc-css-746887 kc-title-wrap \">\n\n\t<div class=\"kc_title\">     <h4>En caso  <span>de cremaci\u00f3n<\/span><\/h4><\/div>\n<\/div>\n<div class=\"kc-elm kc-css-660979 kc_text_block\"><\/p>\n<p>\n<b>A.<\/b> Urna acr\u00edlica<\/p>\n<p><b>B.<\/b> Sala de despedida por 30 min<\/p>\n<p><b>C.<\/b> Refrigerio b\u00e1sico para 20 personas<\/p>\n<p>\n<\/div><\/div><\/div><\/div><\/div><\/section>\n","protected":false},"excerpt":{"rendered":"","protected":false},"author":1,"featured_media":0,"parent":158,"menu_order":0,"comment_status":"closed","ping_status":"closed","template":"","meta":{"footnotes":""},"class_list":["post-162","page","type-page","status-publish","hentry"],"yoast_head":"<!-- This site is optimized with the Yoast SEO Premium plugin v27.5 (Yoast SEO v27.5) - https:\/\/yoast.com\/product\/yoast-seo-premium-wordpress\/ -->\n<title>Rub\u00ed - Grupo Memorial<\/title>\n<meta name=\"robots\" content=\"index, follow, max-snippet:-1, max-image-preview:large, max-video-preview:-1\" \/>\n<link rel=\"canonical\" href=\"https:\/\/www.grupomemorial.com.pa\/web\/productos-y-servicios\/servicios-funerarios-y-cremacion-2\/rubi\/\" \/>\n<meta property=\"og:locale\" content=\"es_ES\" \/>\n<meta property=\"og:type\" content=\"article\" \/>\n<meta property=\"og:title\" content=\"Rub\u00ed\" \/>\n<meta property=\"og:description\" content=\"SERVICIO Rub\u00ed A. Cofre tipo Imperial B. Arreglo floral C. 24 horas de morgue privada D. Traslados diurnos: hospital, morgue, iglesia, cementerio. (hasta 30 km) E. Vestida del cuerpo F. Libro de Condolencias En caso de cremaci\u00f3n A. Urna acr\u00edlica B. Sala de despedida por 30 min C. Refrigerio b\u00e1sico para 20 personas\" \/>\n<meta property=\"og:url\" content=\"https:\/\/www.grupomemorial.com.pa\/web\/productos-y-servicios\/servicios-funerarios-y-cremacion-2\/rubi\/\" \/>\n<meta property=\"og:site_name\" content=\"Grupo Memorial\" \/>\n<meta property=\"article:publisher\" content=\"https:\/\/www.facebook.com\/grupomemorialpanama\/\" \/>\n<meta property=\"article:modified_time\" content=\"2020-08-01T10:24:36+00:00\" \/>\n<meta property=\"og:image\" content=\"https:\/\/i0.wp.com\/www.grupomemorial.com.pa\/web\/wp-content\/uploads\/2020\/09\/GMSA-Original.png?fit=1700%2C1701&ssl=1\" \/>\n\t<meta property=\"og:image:width\" content=\"1700\" \/>\n\t<meta property=\"og:image:height\" content=\"1701\" \/>\n\t<meta property=\"og:image:type\" content=\"image\/png\" \/>\n<meta name=\"twitter:card\" content=\"summary_large_image\" \/>\n<meta name=\"twitter:site\" content=\"@grupo_mem_pty\" \/>\n<script type=\"application\/ld+json\" class=\"yoast-schema-graph\">{\"@context\":\"https:\\\/\\\/schema.org\",\"@graph\":[{\"@type\":\"WebPage\",\"@id\":\"https:\\\/\\\/www.grupomemorial.com.pa\\\/web\\\/productos-y-servicios\\\/servicios-funerarios-y-cremacion-2\\\/rubi\\\/\",\"url\":\"https:\\\/\\\/www.grupomemorial.com.pa\\\/web\\\/productos-y-servicios\\\/servicios-funerarios-y-cremacion-2\\\/rubi\\\/\",\"name\":\"Rub\u00ed - Grupo Memorial\",\"isPartOf\":{\"@id\":\"https:\\\/\\\/www.grupomemorial.com.pa\\\/web\\\/#website\"},\"datePublished\":\"2020-07-31T12:35:03+00:00\",\"dateModified\":\"2020-08-01T10:24:36+00:00\",\"breadcrumb\":{\"@id\":\"https:\\\/\\\/www.grupomemorial.com.pa\\\/web\\\/productos-y-servicios\\\/servicios-funerarios-y-cremacion-2\\\/rubi\\\/#breadcrumb\"},\"inLanguage\":\"es\",\"potentialAction\":[{\"@type\":\"ReadAction\",\"target\":[\"https:\\\/\\\/www.grupomemorial.com.pa\\\/web\\\/productos-y-servicios\\\/servicios-funerarios-y-cremacion-2\\\/rubi\\\/\"]}]},{\"@type\":\"BreadcrumbList\",\"@id\":\"https:\\\/\\\/www.grupomemorial.com.pa\\\/web\\\/productos-y-servicios\\\/servicios-funerarios-y-cremacion-2\\\/rubi\\\/#breadcrumb\",\"itemListElement\":[{\"@type\":\"ListItem\",\"position\":1,\"name\":\"Inicio\",\"item\":\"https:\\\/\\\/www.grupomemorial.com.pa\\\/web\\\/\"},{\"@type\":\"ListItem\",\"position\":2,\"name\":\"Productos y servicios\",\"item\":\"https:\\\/\\\/www.grupomemorial.com.pa\\\/web\\\/productos-y-servicios\\\/\"},{\"@type\":\"ListItem\",\"position\":3,\"name\":\"Servicios Funerarios y Cremaci\u00f3n\",\"item\":\"https:\\\/\\\/www.grupomemorial.com.pa\\\/web\\\/productos-y-servicios\\\/servicios-funerarios-y-cremacion-2\\\/\"},{\"@type\":\"ListItem\",\"position\":4,\"name\":\"Rub\u00ed\"}]},{\"@type\":\"WebSite\",\"@id\":\"https:\\\/\\\/www.grupomemorial.com.pa\\\/web\\\/#website\",\"url\":\"https:\\\/\\\/www.grupomemorial.com.pa\\\/web\\\/\",\"name\":\"Grupo Memorial\",\"description\":\"Funerarias, Cementerios y Cremaci\u00f3n en Panam\u00e1\",\"publisher\":{\"@id\":\"https:\\\/\\\/www.grupomemorial.com.pa\\\/web\\\/#organization\"},\"potentialAction\":[{\"@type\":\"SearchAction\",\"target\":{\"@type\":\"EntryPoint\",\"urlTemplate\":\"https:\\\/\\\/www.grupomemorial.com.pa\\\/web\\\/?s={search_term_string}\"},\"query-input\":{\"@type\":\"PropertyValueSpecification\",\"valueRequired\":true,\"valueName\":\"search_term_string\"}}],\"inLanguage\":\"es\"},{\"@type\":[\"Organization\",\"Place\"],\"@id\":\"https:\\\/\\\/www.grupomemorial.com.pa\\\/web\\\/#organization\",\"name\":\"Grupo Memorial | Corporativo\",\"url\":\"https:\\\/\\\/www.grupomemorial.com.pa\\\/web\\\/\",\"logo\":{\"@id\":\"https:\\\/\\\/www.grupomemorial.com.pa\\\/web\\\/productos-y-servicios\\\/servicios-funerarios-y-cremacion-2\\\/rubi\\\/#local-main-organization-logo\"},\"image\":{\"@id\":\"https:\\\/\\\/www.grupomemorial.com.pa\\\/web\\\/productos-y-servicios\\\/servicios-funerarios-y-cremacion-2\\\/rubi\\\/#local-main-organization-logo\"},\"sameAs\":[\"https:\\\/\\\/www.facebook.com\\\/grupomemorialpanama\\\/\",\"https:\\\/\\\/x.com\\\/grupo_mem_pty\",\"https:\\\/\\\/instagram.com\\\/grupo_memorial_panama\",\"https:\\\/\\\/www.linkedin.com\\\/company\\\/grupo-memorial-corporativo\"],\"telephone\":[],\"openingHoursSpecification\":[{\"@type\":\"OpeningHoursSpecification\",\"dayOfWeek\":[\"Monday\",\"Tuesday\",\"Wednesday\",\"Thursday\",\"Friday\",\"Saturday\",\"Sunday\"],\"opens\":\"09:00\",\"closes\":\"17:00\"}]},{\"@type\":\"ImageObject\",\"inLanguage\":\"es\",\"@id\":\"https:\\\/\\\/www.grupomemorial.com.pa\\\/web\\\/productos-y-servicios\\\/servicios-funerarios-y-cremacion-2\\\/rubi\\\/#local-main-organization-logo\",\"url\":\"https:\\\/\\\/i0.wp.com\\\/www.grupomemorial.com.pa\\\/web\\\/wp-content\\\/uploads\\\/2020\\\/09\\\/GMSA-Original.png?fit=1700%2C1701&ssl=1\",\"contentUrl\":\"https:\\\/\\\/i0.wp.com\\\/www.grupomemorial.com.pa\\\/web\\\/wp-content\\\/uploads\\\/2020\\\/09\\\/GMSA-Original.png?fit=1700%2C1701&ssl=1\",\"width\":1700,\"height\":1701,\"caption\":\"Grupo Memorial | Corporativo\"}]}<\/script>\n<!-- \/ Yoast SEO Premium plugin. -->","yoast_head_json":{"title":"Rub\u00ed - Grupo Memorial","robots":{"index":"index","follow":"follow","max-snippet":"max-snippet:-1","max-image-preview":"max-image-preview:large","max-video-preview":"max-video-preview:-1"},"canonical":"https:\/\/www.grupomemorial.com.pa\/web\/productos-y-servicios\/servicios-funerarios-y-cremacion-2\/rubi\/","og_locale":"es_ES","og_type":"article","og_title":"Rub\u00ed","og_description":"SERVICIO Rub\u00ed A. Cofre tipo Imperial B. Arreglo floral C. 24 horas de morgue privada D. Traslados diurnos: hospital, morgue, iglesia, cementerio. (hasta 30 km) E. Vestida del cuerpo F. Libro de Condolencias En caso de cremaci\u00f3n A. Urna acr\u00edlica B. Sala de despedida por 30 min C. Refrigerio b\u00e1sico para 20 personas","og_url":"https:\/\/www.grupomemorial.com.pa\/web\/productos-y-servicios\/servicios-funerarios-y-cremacion-2\/rubi\/","og_site_name":"Grupo Memorial","article_publisher":"https:\/\/www.facebook.com\/grupomemorialpanama\/","article_modified_time":"2020-08-01T10:24:36+00:00","og_image":[{"width":1700,"height":1701,"url":"https:\/\/i0.wp.com\/www.grupomemorial.com.pa\/web\/wp-content\/uploads\/2020\/09\/GMSA-Original.png?fit=1700%2C1701&ssl=1","type":"image\/png"}],"twitter_card":"summary_large_image","twitter_site":"@grupo_mem_pty","schema":{"@context":"https:\/\/schema.org","@graph":[{"@type":"WebPage","@id":"https:\/\/www.grupomemorial.com.pa\/web\/productos-y-servicios\/servicios-funerarios-y-cremacion-2\/rubi\/","url":"https:\/\/www.grupomemorial.com.pa\/web\/productos-y-servicios\/servicios-funerarios-y-cremacion-2\/rubi\/","name":"Rub\u00ed - Grupo Memorial","isPartOf":{"@id":"https:\/\/www.grupomemorial.com.pa\/web\/#website"},"datePublished":"2020-07-31T12:35:03+00:00","dateModified":"2020-08-01T10:24:36+00:00","breadcrumb":{"@id":"https:\/\/www.grupomemorial.com.pa\/web\/productos-y-servicios\/servicios-funerarios-y-cremacion-2\/rubi\/#breadcrumb"},"inLanguage":"es","potentialAction":[{"@type":"ReadAction","target":["https:\/\/www.grupomemorial.com.pa\/web\/productos-y-servicios\/servicios-funerarios-y-cremacion-2\/rubi\/"]}]},{"@type":"BreadcrumbList","@id":"https:\/\/www.grupomemorial.com.pa\/web\/productos-y-servicios\/servicios-funerarios-y-cremacion-2\/rubi\/#breadcrumb","itemListElement":[{"@type":"ListItem","position":1,"name":"Inicio","item":"https:\/\/www.grupomemorial.com.pa\/web\/"},{"@type":"ListItem","position":2,"name":"Productos y servicios","item":"https:\/\/www.grupomemorial.com.pa\/web\/productos-y-servicios\/"},{"@type":"ListItem","position":3,"name":"Servicios Funerarios y Cremaci\u00f3n","item":"https:\/\/www.grupomemorial.com.pa\/web\/productos-y-servicios\/servicios-funerarios-y-cremacion-2\/"},{"@type":"ListItem","position":4,"name":"Rub\u00ed"}]},{"@type":"WebSite","@id":"https:\/\/www.grupomemorial.com.pa\/web\/#website","url":"https:\/\/www.grupomemorial.com.pa\/web\/","name":"Grupo Memorial","description":"Funerarias, Cementerios y Cremaci\u00f3n en Panam\u00e1","publisher":{"@id":"https:\/\/www.grupomemorial.com.pa\/web\/#organization"},"potentialAction":[{"@type":"SearchAction","target":{"@type":"EntryPoint","urlTemplate":"https:\/\/www.grupomemorial.com.pa\/web\/?s={search_term_string}"},"query-input":{"@type":"PropertyValueSpecification","valueRequired":true,"valueName":"search_term_string"}}],"inLanguage":"es"},{"@type":["Organization","Place"],"@id":"https:\/\/www.grupomemorial.com.pa\/web\/#organization","name":"Grupo Memorial | Corporativo","url":"https:\/\/www.grupomemorial.com.pa\/web\/","logo":{"@id":"https:\/\/www.grupomemorial.com.pa\/web\/productos-y-servicios\/servicios-funerarios-y-cremacion-2\/rubi\/#local-main-organization-logo"},"image":{"@id":"https:\/\/www.grupomemorial.com.pa\/web\/productos-y-servicios\/servicios-funerarios-y-cremacion-2\/rubi\/#local-main-organization-logo"},"sameAs":["https:\/\/www.facebook.com\/grupomemorialpanama\/","https:\/\/x.com\/grupo_mem_pty","https:\/\/instagram.com\/grupo_memorial_panama","https:\/\/www.linkedin.com\/company\/grupo-memorial-corporativo"],"telephone":[],"openingHoursSpecification":[{"@type":"OpeningHoursSpecification","dayOfWeek":["Monday","Tuesday","Wednesday","Thursday","Friday","Saturday","Sunday"],"opens":"09:00","closes":"17:00"}]},{"@type":"ImageObject","inLanguage":"es","@id":"https:\/\/www.grupomemorial.com.pa\/web\/productos-y-servicios\/servicios-funerarios-y-cremacion-2\/rubi\/#local-main-organization-logo","url":"https:\/\/i0.wp.com\/www.grupomemorial.com.pa\/web\/wp-content\/uploads\/2020\/09\/GMSA-Original.png?fit=1700%2C1701&ssl=1","contentUrl":"https:\/\/i0.wp.com\/www.grupomemorial.com.pa\/web\/wp-content\/uploads\/2020\/09\/GMSA-Original.png?fit=1700%2C1701&ssl=1","width":1700,"height":1701,"caption":"Grupo Memorial | Corporativo"}]}},"jetpack-related-posts":[{"id":160,"url":"https:\/\/www.grupomemorial.com.pa\/web\/productos-y-servicios\/servicios-funerarios-y-cremacion-2\/cristal\/","url_meta":{"origin":162,"position":0},"title":"Cristal","author":"admin","date":"31\/07\/2020","format":false,"excerpt":"SERVICIO CRISTAL A. Cofre tipo AuxiliadoraB. Arreglo floralC. 24 horas de morgue privadaD. Traslados diurnos: hospital, morgue, iglesia, cementerio. (hasta 30 km)E. Vestida del cuerpoF. Libro de Condolencias En caso de cremaci\u00f3nA. Contenedor pl\u00e1sticoB. Sala de despedida por 15 minutosC. Refrigerio b\u00e1sico para 15 personas","rel":"","context":"Entrada similar","block_context":{"text":"Entrada similar","link":""},"img":{"alt_text":"","src":"","width":0,"height":0},"classes":[]},{"id":164,"url":"https:\/\/www.grupomemorial.com.pa\/web\/productos-y-servicios\/servicios-funerarios-y-cremacion-2\/esmeralda\/","url_meta":{"origin":162,"position":1},"title":"Esmeralda","author":"admin","date":"31\/07\/2020","format":false,"excerpt":"SERVICIO Esmeralda A. Cofre tipo AmericanitaB. Arreglo floralC. 48 horas de morgue privadaD. Traslados diurnos: hospital, domicilio, morgue, iglesia, cementerio. (hasta 40 km)E. Traslados nocturnos, fin de semana o d\u00edas festivos (domicilio)F. Vestida del cuerpoG. Preparaci\u00f3n del cuerpoH. Pago de los servicios religiososI. Bus para 30 pasajeros de la iglesia\u2026","rel":"","context":"Entrada similar","block_context":{"text":"Entrada similar","link":""},"img":{"alt_text":"","src":"","width":0,"height":0},"classes":[]},{"id":166,"url":"https:\/\/www.grupomemorial.com.pa\/web\/productos-y-servicios\/servicios-funerarios-y-cremacion-2\/diamante\/","url_meta":{"origin":162,"position":2},"title":"Diamante","author":"admin","date":"31\/07\/2020","format":false,"excerpt":"SERVICIO Diamante A. Cofre tipo PRESIDENCIALB. Arreglo floral VIPC. 48 horas de morgue privadaD. Traslados diurnos: hospital, domicilio, morgue, iglesia, cementerio. (hasta 50 km)E. Traslados nocturnos, fin de semana o d\u00edas festivos (domicilio)F. Vestida del cuerpoG. Preparaci\u00f3n del cuerpoH. Pago de los servicios religiososI. Bus para 30 pasajeros de la\u2026","rel":"","context":"Entrada similar","block_context":{"text":"Entrada similar","link":""},"img":{"alt_text":"","src":"","width":0,"height":0},"classes":[]},{"id":181,"url":"https:\/\/www.grupomemorial.com.pa\/web\/productos-y-servicios\/servicios-especiales\/exhumacion\/","url_meta":{"origin":162,"position":3},"title":"Exhumaci\u00f3n","author":"admin","date":"31\/07\/2020","format":false,"excerpt":"Exhumaci\u00f3n Se retiran de manera permanente los restos previamente inhumados en el lote y su posterior traslado hacia el destino final.","rel":"","context":"Entrada similar","block_context":{"text":"Entrada similar","link":""},"img":{"alt_text":"","src":"","width":0,"height":0},"classes":[]},{"id":177,"url":"https:\/\/www.grupomemorial.com.pa\/web\/productos-y-servicios\/servicios-especiales\/repatriaciones\/","url_meta":{"origin":162,"position":4},"title":"Repatriaci\u00f3n","author":"admin","date":"31\/07\/2020","format":false,"excerpt":"Repatriaciones Contamos con el servicio de regresar a su pa\u00eds natal el cuerpo, a un ciudadano paname\u00f1o o extranjero que ha fallecido en el exterior y la familia desea retornar su cuerpo a su pa\u00eds de origen o petici\u00f3n especial.","rel":"","context":"Entrada similar","block_context":{"text":"Entrada similar","link":""},"img":{"alt_text":"","src":"","width":0,"height":0},"classes":[]},{"id":183,"url":"https:\/\/www.grupomemorial.com.pa\/web\/productos-y-servicios\/servicios-especiales\/embalsamamiento\/","url_meta":{"origin":162,"position":5},"title":"Embalsamamiento","author":"admin","date":"31\/07\/2020","format":false,"excerpt":"Embalsamamiento Brindamos el tratamiento qu\u00edmico para los cuerpos, para retrasar el proceso de descomposici\u00f3n org\u00e1nica natural y restaurar la apariencia f\u00edsica de la persona fallecida, a fin de preservar el cuerpo para viajes terrestres o a\u00e9reos.","rel":"","context":"Entrada similar","block_context":{"text":"Entrada similar","link":""},"img":{"alt_text":"","src":"","width":0,"height":0},"classes":[]}],"_links":{"self":[{"href":"https:\/\/www.grupomemorial.com.pa\/web\/wp-json\/wp\/v2\/pages\/162","targetHints":{"allow":["GET"]}}],"collection":[{"href":"https:\/\/www.grupomemorial.com.pa\/web\/wp-json\/wp\/v2\/pages"}],"about":[{"href":"https:\/\/www.grupomemorial.com.pa\/web\/wp-json\/wp\/v2\/types\/page"}],"author":[{"embeddable":true,"href":"https:\/\/www.grupomemorial.com.pa\/web\/wp-json\/wp\/v2\/users\/1"}],"replies":[{"embeddable":true,"href":"https:\/\/www.grupomemorial.com.pa\/web\/wp-json\/wp\/v2\/comments?post=162"}],"version-history":[{"count":3,"href":"https:\/\/www.grupomemorial.com.pa\/web\/wp-json\/wp\/v2\/pages\/162\/revisions"}],"predecessor-version":[{"id":320,"href":"https:\/\/www.grupomemorial.com.pa\/web\/wp-json\/wp\/v2\/pages\/162\/revisions\/320"}],"up":[{"embeddable":true,"href":"https:\/\/www.grupomemorial.com.pa\/web\/wp-json\/wp\/v2\/pages\/158"}],"wp:attachment":[{"href":"https:\/\/www.grupomemorial.com.pa\/web\/wp-json\/wp\/v2\/media?parent=162"}],"curies":[{"name":"wp","href":"https:\/\/api.w.org\/{rel}","templated":true}]}}