{"id":228,"date":"2020-07-31T12:53:06","date_gmt":"2020-07-31T12:53:06","guid":{"rendered":"http:\/\/www.grupomemorial.com.pa\/web\/?page_id=228"},"modified":"2025-02-20T04:31:38","modified_gmt":"2025-02-20T09:31:38","slug":"cremacion","status":"publish","type":"page","link":"https:\/\/www.grupomemorial.com.pa\/web\/cremacion\/","title":{"rendered":"Preguntas frecuentes"},"content":{"rendered":"<p><section class=\"kc-elm kc-css-322460 kc_row\"><div class=\"kc-row-container  kc-container\"><div class=\"kc-wrap-columns\"><div class=\"kc-elm kc-css-39834 kc_col-sm-12 kc_column kc_col-sm-12\"><div class=\"kc-col-container\"><div class=\"kc-elm kc-css-538874 kc_row kc_row_inner\"><div class=\"kc-elm kc-css-618812 kc_col-sm-12 kc_column_inner kc_col-sm-12 history-content\"><div class=\"kc_wrapper kc-col-inner-container\">\n<div class=\"kc-elm kc-css-464048 kc-title-wrap \">\n\n\t<div class=\"kc_title\"> <h3>CREMA<span>CI\u00d3N<\/span><\/h3><\/div>\n<\/div>\n<div class=\"kc-elm kc-css-587483 kc_text_block\"><\/p>\n<p>\nCon 10 a\u00f1os de experiencia en el negocio funerario, nuestro crematorio se encuentra ubicado en las ciudades de Panam\u00e1 y David, en un ambiente de naturaleza, aire libre y serenidad.<\/p>\n<p>Solo se realizan cremaciones individuales y con extrema rigurosidad, identificando a la persona durante todo el proceso, para otorgarle a usted y su familia la seguridad que merecen.<\/p>\n<p>\n<\/div><\/div><\/div><\/div><\/div><\/div><\/div><\/div><\/section><section class=\"kc-elm kc-css-425417 kc_row\"><div class=\"kc-row-container  kc-container\"><div class=\"kc-wrap-columns\"><div class=\"kc-elm kc-css-827740 kc_col-sm-12 kc_column kc_col-sm-12\"><div class=\"kc-col-container\"><div class=\"kc-elm kc-css-180422 kc_row kc_row_inner\"><div class=\"kc-elm kc-css-133505 kc_col-sm-12 kc_column_inner kc_col-sm-12 history-content\"><div class=\"kc_wrapper kc-col-inner-container\">\n<div class=\"kc-elm kc-css-313257 kc-title-wrap \">\n\n\t<div class=\"kc_title\"> <h3>PREGUNTAS <span>FRECUENTES<\/span>  <\/h3><\/div>\n<\/div>\n<div class=\"kc-elm kc-css-936138 kc_text_block\"><\/p>\n<p>La acci\u00f3n de reducir el cuerpo de una persona fallecida a cenizas, mediante el proceso de combusti\u00f3n e incineraci\u00f3n a altas temperaturas.<\/p>\n<p>\u00bf Es la cremaci\u00f3n es un proceso amigable con el medio ambiente?<\/p>\n<p>Por supuesto, utilizamos tecnolog\u00eda de punta y protocolos que garantizan la salubridad del proceso.<\/p>\n<p>\u00bf Es la cremaci\u00f3n es permitida por la Iglesia Cat\u00f3lica?<\/p>\n<p>Si, en 1963 la Iglesia Cat\u00f3lica permiti\u00f3 la cremaci\u00f3n, siempre que los restos descansen en un lugar santo. Recomienda a sus fieles sepultar las cenizas en un campo santo y no esparcirlas en el mar o alg\u00fan jard\u00edn, logrando as\u00ed la tranquilidad a sus familiares quienes podr\u00e1n visitar el lugar donde descansan las cenizas de su ser querido.<\/p>\n<p>\n<\/div><\/div><\/div><\/div><\/div><\/div><\/div><\/div><\/section><\/p>\n","protected":false},"excerpt":{"rendered":"","protected":false},"author":1,"featured_media":0,"parent":0,"menu_order":0,"comment_status":"closed","ping_status":"closed","template":"","meta":{"footnotes":""},"class_list":["post-228","page","type-page","status-publish","hentry"],"yoast_head":"<!-- This site is optimized with the Yoast SEO Premium plugin v27.5 (Yoast SEO v27.5) - https:\/\/yoast.com\/product\/yoast-seo-premium-wordpress\/ -->\n<title>Servicios de Cremaci\u00f3n Dignos | Grupo Memorial Corporativo<\/title>\n<meta name=\"description\" content=\"Conf\u00ede en Grupo Memorial Corporativo para servicios de cremaci\u00f3n respetuosos y personalizados. Brindamos apoyo integral en momentos dif\u00edciles con empat\u00eda y profesionalismo.\" \/>\n<meta name=\"robots\" content=\"index, follow, max-snippet:-1, max-image-preview:large, max-video-preview:-1\" \/>\n<link rel=\"canonical\" href=\"https:\/\/www.grupomemorial.com.pa\/web\/cremacion\/\" \/>\n<meta property=\"og:locale\" content=\"es_ES\" \/>\n<meta property=\"og:type\" content=\"article\" \/>\n<meta property=\"og:title\" content=\"Preguntas frecuentes\" \/>\n<meta property=\"og:description\" content=\"Conf\u00ede en Grupo Memorial Corporativo para servicios de cremaci\u00f3n respetuosos y personalizados. Brindamos apoyo integral en momentos dif\u00edciles con empat\u00eda y profesionalismo.\" \/>\n<meta property=\"og:url\" content=\"https:\/\/www.grupomemorial.com.pa\/web\/cremacion\/\" \/>\n<meta property=\"og:site_name\" content=\"Grupo Memorial\" \/>\n<meta property=\"article:publisher\" content=\"https:\/\/www.facebook.com\/grupomemorialpanama\/\" \/>\n<meta property=\"article:modified_time\" content=\"2025-02-20T09:31:38+00:00\" \/>\n<meta property=\"og:image\" content=\"https:\/\/i0.wp.com\/www.grupomemorial.com.pa\/web\/wp-content\/uploads\/2020\/09\/GMSA-Original.png?fit=1700%2C1701&ssl=1\" \/>\n\t<meta property=\"og:image:width\" content=\"1700\" \/>\n\t<meta property=\"og:image:height\" content=\"1701\" \/>\n\t<meta property=\"og:image:type\" content=\"image\/png\" \/>\n<meta name=\"twitter:card\" content=\"summary_large_image\" \/>\n<meta name=\"twitter:site\" content=\"@grupo_mem_pty\" \/>\n<meta name=\"twitter:label1\" content=\"Tiempo de lectura\" \/>\n\t<meta name=\"twitter:data1\" content=\"1 minuto\" \/>\n<script type=\"application\/ld+json\" class=\"yoast-schema-graph\">{\"@context\":\"https:\\\/\\\/schema.org\",\"@graph\":[{\"@type\":\"WebPage\",\"@id\":\"https:\\\/\\\/www.grupomemorial.com.pa\\\/web\\\/cremacion\\\/\",\"url\":\"https:\\\/\\\/www.grupomemorial.com.pa\\\/web\\\/cremacion\\\/\",\"name\":\"Servicios de Cremaci\u00f3n Dignos | Grupo Memorial Corporativo\",\"isPartOf\":{\"@id\":\"https:\\\/\\\/www.grupomemorial.com.pa\\\/web\\\/#website\"},\"datePublished\":\"2020-07-31T12:53:06+00:00\",\"dateModified\":\"2025-02-20T09:31:38+00:00\",\"description\":\"Conf\u00ede en Grupo Memorial Corporativo para servicios de cremaci\u00f3n respetuosos y personalizados. Brindamos apoyo integral en momentos dif\u00edciles con empat\u00eda y profesionalismo.\",\"breadcrumb\":{\"@id\":\"https:\\\/\\\/www.grupomemorial.com.pa\\\/web\\\/cremacion\\\/#breadcrumb\"},\"inLanguage\":\"es\",\"potentialAction\":[{\"@type\":\"ReadAction\",\"target\":[\"https:\\\/\\\/www.grupomemorial.com.pa\\\/web\\\/cremacion\\\/\"]}]},{\"@type\":\"BreadcrumbList\",\"@id\":\"https:\\\/\\\/www.grupomemorial.com.pa\\\/web\\\/cremacion\\\/#breadcrumb\",\"itemListElement\":[{\"@type\":\"ListItem\",\"position\":1,\"name\":\"Inicio\",\"item\":\"https:\\\/\\\/www.grupomemorial.com.pa\\\/web\\\/\"},{\"@type\":\"ListItem\",\"position\":2,\"name\":\"Preguntas frecuentes\"}]},{\"@type\":\"WebSite\",\"@id\":\"https:\\\/\\\/www.grupomemorial.com.pa\\\/web\\\/#website\",\"url\":\"https:\\\/\\\/www.grupomemorial.com.pa\\\/web\\\/\",\"name\":\"Grupo Memorial\",\"description\":\"Funerarias, Cementerios y Cremaci\u00f3n en Panam\u00e1\",\"publisher\":{\"@id\":\"https:\\\/\\\/www.grupomemorial.com.pa\\\/web\\\/#organization\"},\"potentialAction\":[{\"@type\":\"SearchAction\",\"target\":{\"@type\":\"EntryPoint\",\"urlTemplate\":\"https:\\\/\\\/www.grupomemorial.com.pa\\\/web\\\/?s={search_term_string}\"},\"query-input\":{\"@type\":\"PropertyValueSpecification\",\"valueRequired\":true,\"valueName\":\"search_term_string\"}}],\"inLanguage\":\"es\"},{\"@type\":[\"Organization\",\"Place\"],\"@id\":\"https:\\\/\\\/www.grupomemorial.com.pa\\\/web\\\/#organization\",\"name\":\"Grupo Memorial | Corporativo\",\"url\":\"https:\\\/\\\/www.grupomemorial.com.pa\\\/web\\\/\",\"logo\":{\"@id\":\"https:\\\/\\\/www.grupomemorial.com.pa\\\/web\\\/cremacion\\\/#local-main-organization-logo\"},\"image\":{\"@id\":\"https:\\\/\\\/www.grupomemorial.com.pa\\\/web\\\/cremacion\\\/#local-main-organization-logo\"},\"sameAs\":[\"https:\\\/\\\/www.facebook.com\\\/grupomemorialpanama\\\/\",\"https:\\\/\\\/x.com\\\/grupo_mem_pty\",\"https:\\\/\\\/instagram.com\\\/grupo_memorial_panama\",\"https:\\\/\\\/www.linkedin.com\\\/company\\\/grupo-memorial-corporativo\"],\"telephone\":[],\"openingHoursSpecification\":[{\"@type\":\"OpeningHoursSpecification\",\"dayOfWeek\":[\"Monday\",\"Tuesday\",\"Wednesday\",\"Thursday\",\"Friday\",\"Saturday\",\"Sunday\"],\"opens\":\"09:00\",\"closes\":\"17:00\"}]},{\"@type\":\"ImageObject\",\"inLanguage\":\"es\",\"@id\":\"https:\\\/\\\/www.grupomemorial.com.pa\\\/web\\\/cremacion\\\/#local-main-organization-logo\",\"url\":\"https:\\\/\\\/i0.wp.com\\\/www.grupomemorial.com.pa\\\/web\\\/wp-content\\\/uploads\\\/2020\\\/09\\\/GMSA-Original.png?fit=1700%2C1701&ssl=1\",\"contentUrl\":\"https:\\\/\\\/i0.wp.com\\\/www.grupomemorial.com.pa\\\/web\\\/wp-content\\\/uploads\\\/2020\\\/09\\\/GMSA-Original.png?fit=1700%2C1701&ssl=1\",\"width\":1700,\"height\":1701,\"caption\":\"Grupo Memorial | Corporativo\"}]}<\/script>\n<!-- \/ Yoast SEO Premium plugin. -->","yoast_head_json":{"title":"Servicios de Cremaci\u00f3n Dignos | Grupo Memorial Corporativo","description":"Conf\u00ede en Grupo Memorial Corporativo para servicios de cremaci\u00f3n respetuosos y personalizados. Brindamos apoyo integral en momentos dif\u00edciles con empat\u00eda y profesionalismo.","robots":{"index":"index","follow":"follow","max-snippet":"max-snippet:-1","max-image-preview":"max-image-preview:large","max-video-preview":"max-video-preview:-1"},"canonical":"https:\/\/www.grupomemorial.com.pa\/web\/cremacion\/","og_locale":"es_ES","og_type":"article","og_title":"Preguntas frecuentes","og_description":"Conf\u00ede en Grupo Memorial Corporativo para servicios de cremaci\u00f3n respetuosos y personalizados. Brindamos apoyo integral en momentos dif\u00edciles con empat\u00eda y profesionalismo.","og_url":"https:\/\/www.grupomemorial.com.pa\/web\/cremacion\/","og_site_name":"Grupo Memorial","article_publisher":"https:\/\/www.facebook.com\/grupomemorialpanama\/","article_modified_time":"2025-02-20T09:31:38+00:00","og_image":[{"width":1700,"height":1701,"url":"https:\/\/i0.wp.com\/www.grupomemorial.com.pa\/web\/wp-content\/uploads\/2020\/09\/GMSA-Original.png?fit=1700%2C1701&ssl=1","type":"image\/png"}],"twitter_card":"summary_large_image","twitter_site":"@grupo_mem_pty","twitter_misc":{"Tiempo de lectura":"1 minuto"},"schema":{"@context":"https:\/\/schema.org","@graph":[{"@type":"WebPage","@id":"https:\/\/www.grupomemorial.com.pa\/web\/cremacion\/","url":"https:\/\/www.grupomemorial.com.pa\/web\/cremacion\/","name":"Servicios de Cremaci\u00f3n Dignos | Grupo Memorial Corporativo","isPartOf":{"@id":"https:\/\/www.grupomemorial.com.pa\/web\/#website"},"datePublished":"2020-07-31T12:53:06+00:00","dateModified":"2025-02-20T09:31:38+00:00","description":"Conf\u00ede en Grupo Memorial Corporativo para servicios de cremaci\u00f3n respetuosos y personalizados. Brindamos apoyo integral en momentos dif\u00edciles con empat\u00eda y profesionalismo.","breadcrumb":{"@id":"https:\/\/www.grupomemorial.com.pa\/web\/cremacion\/#breadcrumb"},"inLanguage":"es","potentialAction":[{"@type":"ReadAction","target":["https:\/\/www.grupomemorial.com.pa\/web\/cremacion\/"]}]},{"@type":"BreadcrumbList","@id":"https:\/\/www.grupomemorial.com.pa\/web\/cremacion\/#breadcrumb","itemListElement":[{"@type":"ListItem","position":1,"name":"Inicio","item":"https:\/\/www.grupomemorial.com.pa\/web\/"},{"@type":"ListItem","position":2,"name":"Preguntas frecuentes"}]},{"@type":"WebSite","@id":"https:\/\/www.grupomemorial.com.pa\/web\/#website","url":"https:\/\/www.grupomemorial.com.pa\/web\/","name":"Grupo Memorial","description":"Funerarias, Cementerios y Cremaci\u00f3n en Panam\u00e1","publisher":{"@id":"https:\/\/www.grupomemorial.com.pa\/web\/#organization"},"potentialAction":[{"@type":"SearchAction","target":{"@type":"EntryPoint","urlTemplate":"https:\/\/www.grupomemorial.com.pa\/web\/?s={search_term_string}"},"query-input":{"@type":"PropertyValueSpecification","valueRequired":true,"valueName":"search_term_string"}}],"inLanguage":"es"},{"@type":["Organization","Place"],"@id":"https:\/\/www.grupomemorial.com.pa\/web\/#organization","name":"Grupo Memorial | Corporativo","url":"https:\/\/www.grupomemorial.com.pa\/web\/","logo":{"@id":"https:\/\/www.grupomemorial.com.pa\/web\/cremacion\/#local-main-organization-logo"},"image":{"@id":"https:\/\/www.grupomemorial.com.pa\/web\/cremacion\/#local-main-organization-logo"},"sameAs":["https:\/\/www.facebook.com\/grupomemorialpanama\/","https:\/\/x.com\/grupo_mem_pty","https:\/\/instagram.com\/grupo_memorial_panama","https:\/\/www.linkedin.com\/company\/grupo-memorial-corporativo"],"telephone":[],"openingHoursSpecification":[{"@type":"OpeningHoursSpecification","dayOfWeek":["Monday","Tuesday","Wednesday","Thursday","Friday","Saturday","Sunday"],"opens":"09:00","closes":"17:00"}]},{"@type":"ImageObject","inLanguage":"es","@id":"https:\/\/www.grupomemorial.com.pa\/web\/cremacion\/#local-main-organization-logo","url":"https:\/\/i0.wp.com\/www.grupomemorial.com.pa\/web\/wp-content\/uploads\/2020\/09\/GMSA-Original.png?fit=1700%2C1701&ssl=1","contentUrl":"https:\/\/i0.wp.com\/www.grupomemorial.com.pa\/web\/wp-content\/uploads\/2020\/09\/GMSA-Original.png?fit=1700%2C1701&ssl=1","width":1700,"height":1701,"caption":"Grupo Memorial | Corporativo"}]}},"jetpack-related-posts":[{"id":125,"url":"https:\/\/www.grupomemorial.com.pa\/web\/contactenos\/","url_meta":{"origin":228,"position":0},"title":"Cont\u00e1ctenos","author":"admin","date":"31\/07\/2020","format":false,"excerpt":"Ave. Domingo D\u00edaz, CC El Faro, Local 16Ave. Justo Arosemena and Cl.30San Pablo Viejo, David, Chiriqui 293-3400, 225-7123, 775-7371 info@grupomemorial.com.pa ESCRIBENOS Enviar \u0394 Formas de pago Miembros de","rel":"","context":"Entrada similar","block_context":{"text":"Entrada similar","link":""},"img":{"alt_text":"","src":"","width":0,"height":0},"classes":[]},{"id":197,"url":"https:\/\/www.grupomemorial.com.pa\/web\/cementerio-parque-las-acacias-david\/","url_meta":{"origin":228,"position":1},"title":"Cementerio Parque Las Acacias | David","author":"admin","date":"31\/07\/2020","format":false,"excerpt":"San Pablo Viejo, entrando por el Molino IASA 775-7371, 6613-2232","rel":"","context":"Entrada similar","block_context":{"text":"Entrada similar","link":""},"img":{"alt_text":"","src":"https:\/\/i0.wp.com\/www.grupomemorial.com.pa\/web\/wp-content\/uploads\/2020\/09\/Cementerio-No.1-1-1024x683.jpg?resize=350%2C200&ssl=1","width":350,"height":200,"srcset":"https:\/\/i0.wp.com\/www.grupomemorial.com.pa\/web\/wp-content\/uploads\/2020\/09\/Cementerio-No.1-1-1024x683.jpg?resize=350%2C200&ssl=1 1x, https:\/\/i0.wp.com\/www.grupomemorial.com.pa\/web\/wp-content\/uploads\/2020\/09\/Cementerio-No.1-1-1024x683.jpg?resize=525%2C300&ssl=1 1.5x, https:\/\/i0.wp.com\/www.grupomemorial.com.pa\/web\/wp-content\/uploads\/2020\/09\/Cementerio-No.1-1-1024x683.jpg?resize=700%2C400&ssl=1 2x"},"classes":[]},{"id":193,"url":"https:\/\/www.grupomemorial.com.pa\/web\/cementerio-parque-praderas-de-la-paz-la-cabima\/","url_meta":{"origin":228,"position":2},"title":"Cementerio Parque Praderas De La Paz | La Cabima","author":"admin","date":"31\/07\/2020","format":false,"excerpt":"Alcalde D\u00edaz, Calle Ricardo Mir\u00f3 Guardia, frente a Urb. San Lorenzo 293-3400,225-7123,6674-6754","rel":"","context":"Entrada similar","block_context":{"text":"Entrada similar","link":""},"img":{"alt_text":"","src":"https:\/\/i0.wp.com\/www.grupomemorial.com.pa\/web\/wp-content\/uploads\/2020\/09\/Osarios-y-nichos-La-Cabima-1024x671.jpeg?resize=350%2C200&ssl=1","width":350,"height":200,"srcset":"https:\/\/i0.wp.com\/www.grupomemorial.com.pa\/web\/wp-content\/uploads\/2020\/09\/Osarios-y-nichos-La-Cabima-1024x671.jpeg?resize=350%2C200&ssl=1 1x, https:\/\/i0.wp.com\/www.grupomemorial.com.pa\/web\/wp-content\/uploads\/2020\/09\/Osarios-y-nichos-La-Cabima-1024x671.jpeg?resize=525%2C300&ssl=1 1.5x, https:\/\/i0.wp.com\/www.grupomemorial.com.pa\/web\/wp-content\/uploads\/2020\/09\/Osarios-y-nichos-La-Cabima-1024x671.jpeg?resize=700%2C400&ssl=1 2x"},"classes":[]},{"id":8,"url":"https:\/\/www.grupomemorial.com.pa\/web\/","url_meta":{"origin":228,"position":3},"title":"Inicio","author":"admin","date":"31\/07\/2020","format":false,"excerpt":"Bienvenidos a Grupo Memorial Somos una organizaci\u00f3n de capital 100% Paname\u00f1o, orientada a brindar a las familias soluciones integrales de cementerios y funerarias, ofreciendo un servicio oportuno, de forma c\u00e1lida, digna y con el m\u00e1s alto grado de sensibilidad, ante la p\u00e9rdida de un ser querido. HOMENAJE DE VIDA Descargar\u2026","rel":"","context":"Entrada similar","block_context":{"text":"Entrada similar","link":""},"img":{"alt_text":"","src":"https:\/\/i0.wp.com\/www.grupomemorial.com.pa\/web\/wp-content\/uploads\/2022\/01\/BANNER-WEB_Mesa-de-trabajo-1.png?resize=350%2C200&ssl=1","width":350,"height":200,"srcset":"https:\/\/i0.wp.com\/www.grupomemorial.com.pa\/web\/wp-content\/uploads\/2022\/01\/BANNER-WEB_Mesa-de-trabajo-1.png?resize=350%2C200&ssl=1 1x, https:\/\/i0.wp.com\/www.grupomemorial.com.pa\/web\/wp-content\/uploads\/2022\/01\/BANNER-WEB_Mesa-de-trabajo-1.png?resize=525%2C300&ssl=1 1.5x, https:\/\/i0.wp.com\/www.grupomemorial.com.pa\/web\/wp-content\/uploads\/2022\/01\/BANNER-WEB_Mesa-de-trabajo-1.png?resize=700%2C400&ssl=1 2x, https:\/\/i0.wp.com\/www.grupomemorial.com.pa\/web\/wp-content\/uploads\/2022\/01\/BANNER-WEB_Mesa-de-trabajo-1.png?resize=1050%2C600&ssl=1 3x, https:\/\/i0.wp.com\/www.grupomemorial.com.pa\/web\/wp-content\/uploads\/2022\/01\/BANNER-WEB_Mesa-de-trabajo-1.png?resize=1400%2C800&ssl=1 4x"},"classes":[]},{"id":119,"url":"https:\/\/www.grupomemorial.com.pa\/web\/ubicaciones\/","url_meta":{"origin":228,"position":4},"title":"Ubicaciones","author":"admin","date":"31\/07\/2020","format":false,"excerpt":"","rel":"","context":"Entrada similar","block_context":{"text":"Entrada similar","link":""},"img":{"alt_text":"","src":"","width":0,"height":0},"classes":[]},{"id":224,"url":"https:\/\/www.grupomemorial.com.pa\/web\/la-naturaleza-del-duelo\/","url_meta":{"origin":228,"position":5},"title":"La Naturaleza del Duelo","author":"admin","date":"31\/07\/2020","format":false,"excerpt":"La naturaleza del Duelo Hablemos del porque el pesar del duelo es una experiencia natural. \u00bfHa experimentado usted el pesar del duelo? Efectivamente el duelo es una expresi\u00f3n emocional que Ia mayor\u00eda de las personas atravesamos Para usted \u00bfcual ser\u00e1 la forma adecuada de comprender el pesar del duelo? Es\u2026","rel":"","context":"Entrada similar","block_context":{"text":"Entrada similar","link":""},"img":{"alt_text":"","src":"","width":0,"height":0},"classes":[]}],"_links":{"self":[{"href":"https:\/\/www.grupomemorial.com.pa\/web\/wp-json\/wp\/v2\/pages\/228","targetHints":{"allow":["GET"]}}],"collection":[{"href":"https:\/\/www.grupomemorial.com.pa\/web\/wp-json\/wp\/v2\/pages"}],"about":[{"href":"https:\/\/www.grupomemorial.com.pa\/web\/wp-json\/wp\/v2\/types\/page"}],"author":[{"embeddable":true,"href":"https:\/\/www.grupomemorial.com.pa\/web\/wp-json\/wp\/v2\/users\/1"}],"replies":[{"embeddable":true,"href":"https:\/\/www.grupomemorial.com.pa\/web\/wp-json\/wp\/v2\/comments?post=228"}],"version-history":[{"count":12,"href":"https:\/\/www.grupomemorial.com.pa\/web\/wp-json\/wp\/v2\/pages\/228\/revisions"}],"predecessor-version":[{"id":1601,"href":"https:\/\/www.grupomemorial.com.pa\/web\/wp-json\/wp\/v2\/pages\/228\/revisions\/1601"}],"wp:attachment":[{"href":"https:\/\/www.grupomemorial.com.pa\/web\/wp-json\/wp\/v2\/media?parent=228"}],"curies":[{"name":"wp","href":"https:\/\/api.w.org\/{rel}","templated":true}]}}